{"id":11910,"date":"2026-03-04T20:51:56","date_gmt":"2026-03-04T18:51:56","guid":{"rendered":"https:\/\/fitofert.com\/proizvod\/manganov-organ-12\/"},"modified":"2026-03-04T20:52:06","modified_gmt":"2026-03-04T18:52:06","slug":"manganov-organ-12","status":"publish","type":"product","link":"https:\/\/fitofert.com\/sl\/proizvod\/manganov-organ-12\/","title":{"rendered":"MANGANOV ORGAN 12"},"content":{"rendered":"<div class=\"wpb-content-wrapper\"><p>[vc_section woodmart_css_id=&#8221;697478abe2738&#8243; responsive_spacing=&#8221;eyJwYXJhbV90eXBlIjoid29vZG1hcnRfcmVzcG9uc2l2ZV9zcGFjaW5nIiwic2VsZWN0b3JfaWQiOiI2OTc0NzhhYmUyNzM4Iiwic2hvcnRjb2RlIjoidmNfc2VjdGlvbiIsImRhdGEiOnsidGFibGV0Ijp7fSwibW9iaWxlIjp7fX19&#8243; mobile_bg_img_hidden=&#8221;no&#8221; tablet_bg_img_hidden=&#8221;no&#8221; woodmart_parallax=&#8221;0&#8243; woodmart_gradient_switch=&#8221;no&#8221; woodmart_box_shadow=&#8221;no&#8221; wd_z_index=&#8221;no&#8221; woodmart_disable_overflow=&#8221;0&#8243; css=&#8221;.vc_custom_1769240760129{margin-top: -40px !important;margin-bottom: -80px !important;padding-top: 20px !important;padding-bottom: 60px !important;background-position: center !important;background-repeat: no-repeat !important;background-size: cover !important;}&#8221;][vc_row css=&#8221;.vc_custom_1769240766859{margin-top: -40px !important;margin-bottom: -60px !important;padding-bottom: 100px !important;background-position: center !important;background-repeat: no-repeat !important;background-size: cover !important;}&#8221; woodmart_css_id=&#8221;697478b36a062&#8243; responsive_spacing=&#8221;eyJwYXJhbV90eXBlIjoid29vZG1hcnRfcmVzcG9uc2l2ZV9zcGFjaW5nIiwic2VsZWN0b3JfaWQiOiI2OTc0NzhiMzZhMDYyIiwic2hvcnRjb2RlIjoidmNfcm93IiwiZGF0YSI6eyJ0YWJsZXQiOnt9LCJtb2JpbGUiOnt9fX0=&#8221; mobile_bg_img_hidden=&#8221;yes&#8221; tablet_bg_img_hidden=&#8221;no&#8221; woodmart_parallax=&#8221;0&#8243; woodmart_gradient_switch=&#8221;no&#8221; woodmart_box_shadow=&#8221;no&#8221; wd_z_index=&#8221;no&#8221; woodmart_disable_overflow=&#8221;0&#8243; row_reverse_mobile=&#8221;0&#8243; row_reverse_tablet=&#8221;0&#8243; el_class=&#8221;proizvod&#8221;][vc_column]\t\t<div id=\"wd-68ef56e345088\" class=\"wd-text-block wd-wpb reset-last-child wd-rs-68ef56e345088 text-left vc_custom_1760515815088\">\n\t\t\t<p>Pra\u0161kasto gnojilo na osnovi <b>mangana (Mn)<\/b> v obliki <b>EDTA kelatnega kompleksa<\/b> , ki zagotavlja enostavno asimilacijo in visoko u\u010dinkovitost. Pomanjkanje mangana v tleh lahko povzro\u010di pojav kloroze in nekroze na apikalnih delih listov, kar vodi do zmanj\u0161anja fotosintetske aktivnosti in pridelka. Pripravek deluje hitro in u\u010dinkovito, prepre\u010duje simptome pomanjkanja in zagotavlja stabilno rast in razvoj pridelkov.  <\/p>\n<p>Vsebnost Mn v izdelku: 120 g\/kg<\/p>\n\t\t<\/div>\n\t\t[vc_row_inner gap=&#8221;10&#8243; woodmart_css_id=&#8221;68ef54a1f05a0&#8243; responsive_spacing=&#8221;eyJwYXJhbV90eXBlIjoid29vZG1hcnRfcmVzcG9uc2l2ZV9zcGFjaW5nIiwic2VsZWN0b3JfaWQiOiI2OGVmNTRhMWYwNWEwIiwic2hvcnRjb2RlIjoidmNfcm93X2lubmVyIiwiZGF0YSI6eyJ0YWJsZXQiOnt9LCJtb2JpbGUiOnt9fX0=&#8221; mobile_bg_img_hidden=&#8221;no&#8221; tablet_bg_img_hidden=&#8221;no&#8221; woodmart_parallax=&#8221;0&#8243; woodmart_gradient_switch=&#8221;no&#8221; woodmart_box_shadow=&#8221;no&#8221; wd_z_index=&#8221;no&#8221; woodmart_disable_overflow=&#8221;0&#8243; row_reverse_mobile=&#8221;0&#8243; row_reverse_tablet=&#8221;0&#8243; css=&#8221;.vc_custom_1760515237815{margin-top: 0px !important;margin-right: 0px !important;margin-left: 0px !important;padding-top: 0px !important;border-color: #6DAB3C !important;}&#8221;][vc_column_inner width=&#8221;1\/2&#8243; woodmart_css_id=&#8221;68ee06944a7a2&#8243; parallax_scroll=&#8221;no&#8221; woodmart_sticky_column=&#8221;false&#8221; wd_collapsible_content_switcher=&#8221;no&#8221; wd_column_role_offcanvas_desktop=&#8221;no&#8221; wd_column_role_offcanvas_tablet=&#8221;no&#8221; wd_column_role_offcanvas_mobile=&#8221;no&#8221; wd_column_role_content_desktop=&#8221;no&#8221; wd_column_role_content_tablet=&#8221;no&#8221; wd_column_role_content_mobile=&#8221;no&#8221; mobile_bg_img_hidden=&#8221;no&#8221; tablet_bg_img_hidden=&#8221;no&#8221; woodmart_parallax=&#8221;0&#8243; woodmart_box_shadow=&#8221;no&#8221; responsive_spacing=&#8221;eyJwYXJhbV90eXBlIjoid29vZG1hcnRfcmVzcG9uc2l2ZV9zcGFjaW5nIiwic2VsZWN0b3JfaWQiOiI2OGVlMDY5NDRhN2EyIiwic2hvcnRjb2RlIjoidmNfY29sdW1uX2lubmVyIiwiZGF0YSI6eyJ0YWJsZXQiOnt9LCJtb2JpbGUiOnt9fX0=&#8221; wd_z_index=&#8221;no&#8221;]\t\t<div id=\"wd-68ef56e959635\" class=\"wd-text-block wd-wpb reset-last-child wd-rs-68ef56e959635 text-left \">\n\t\t\t<h2>Klju\u010dne prednosti<\/h2>\n<ul>\n<li aria-level=\"1\">EDTA kelatna oblika \u2013 stabilen in lahko absorbirajo\u010d mangan<\/li>\n<li aria-level=\"1\">Prepre\u010duje nekrozo in klorozo, ki ju povzro\u010da pomanjkanje Mn<\/li>\n<li aria-level=\"1\">Pove\u010da fotosintetsko aktivnost in vitalnost rastlin<\/li>\n<li aria-level=\"1\">Posebej priporo\u010dljivo za preventivno uporabo na alkalnih tleh (pH&gt; 7)<\/li>\n<li aria-level=\"1\">Primerno za foliarno in fertigacijsko uporabo<\/li>\n<\/ul>\n\t\t<\/div>\n\t\t[\/vc_column_inner][vc_column_inner width=&#8221;1\/2&#8243;]\t\t<div id=\"wd-68ef56fa2ec66\" class=\"wd-text-block wd-wpb reset-last-child wd-rs-68ef56fa2ec66 text-left \">\n\t\t\t<h2>Priporo\u010dilo za uporabo<\/h2>\n<ul>\n<li aria-level=\"1\"><b>Foliarno:<\/b> 0,1\u20130,2 % raztopina<\/li>\n<li aria-level=\"1\"><b>Fertirigacija: 2\u20135 kg\/ha<\/b><\/li>\n<\/ul>\n\t\t<\/div>\n\t\t[\/vc_column_inner][\/vc_row_inner][vc_row_inner gap=&#8221;10&#8243; woodmart_css_id=&#8221;68ee0cbe47307&#8243; responsive_spacing=&#8221;eyJwYXJhbV90eXBlIjoid29vZG1hcnRfcmVzcG9uc2l2ZV9zcGFjaW5nIiwic2VsZWN0b3JfaWQiOiI2OGVlMGNiZTQ3MzA3Iiwic2hvcnRjb2RlIjoidmNfcm93X2lubmVyIiwiZGF0YSI6eyJ0YWJsZXQiOnt9LCJtb2JpbGUiOnt9fX0=&#8221; mobile_bg_img_hidden=&#8221;no&#8221; tablet_bg_img_hidden=&#8221;no&#8221; woodmart_parallax=&#8221;0&#8243; woodmart_gradient_switch=&#8221;no&#8221; woodmart_box_shadow=&#8221;no&#8221; wd_z_index=&#8221;no&#8221; woodmart_disable_overflow=&#8221;0&#8243; row_reverse_mobile=&#8221;0&#8243; row_reverse_tablet=&#8221;0&#8243; css=&#8221;.vc_custom_1760431298027{margin-top: 0px !important;margin-right: 0px !important;margin-bottom: 5px !important;margin-left: 0px !important;border-color: #6DAB3C !important;}&#8221;][vc_column_inner width=&#8221;2\/3&#8243; woodmart_css_id=&#8221;68e62564dccf1&#8243; parallax_scroll=&#8221;no&#8221; woodmart_sticky_column=&#8221;false&#8221; wd_collapsible_content_switcher=&#8221;no&#8221; wd_column_role_offcanvas_desktop=&#8221;no&#8221; wd_column_role_offcanvas_tablet=&#8221;no&#8221; wd_column_role_offcanvas_mobile=&#8221;no&#8221; wd_column_role_content_desktop=&#8221;no&#8221; wd_column_role_content_tablet=&#8221;no&#8221; wd_column_role_content_mobile=&#8221;no&#8221; mobile_bg_img_hidden=&#8221;no&#8221; tablet_bg_img_hidden=&#8221;no&#8221; woodmart_parallax=&#8221;0&#8243; woodmart_box_shadow=&#8221;no&#8221; responsive_spacing=&#8221;eyJwYXJhbV90eXBlIjoid29vZG1hcnRfcmVzcG9uc2l2ZV9zcGFjaW5nIiwic2VsZWN0b3JfaWQiOiI2OGU2MjU2NGRjY2YxIiwic2hvcnRjb2RlIjoidmNfY29sdW1uX2lubmVyIiwiZGF0YSI6eyJ0YWJsZXQiOnt9LCJtb2JpbGUiOnt9fX0=&#8221; wd_z_index=&#8221;no&#8221; css=&#8221;.vc_custom_1759913322515{padding-top: 0px !important;}&#8221;]\t\t<div id=\"wd-68ef570626571\" class=\"wd-text-block wd-wpb reset-last-child wd-rs-68ef570626571 text-left  sadrzajproizvoda\">\n\t\t\t<ul>\n<li>Mn (EDTA): 12 %<\/li>\n<\/ul>\n\t\t<\/div>\n\t\t[\/vc_column_inner][vc_column_inner width=&#8221;1\/3&#8243; css=&#8221;.vc_custom_1759913330475{padding-top: 0px !important;}&#8221; woodmart_css_id=&#8221;68e6256ebb7ad&#8221; parallax_scroll=&#8221;no&#8221; woodmart_sticky_column=&#8221;false&#8221; wd_collapsible_content_switcher=&#8221;no&#8221; wd_column_role_offcanvas_desktop=&#8221;no&#8221; wd_column_role_offcanvas_tablet=&#8221;no&#8221; wd_column_role_offcanvas_mobile=&#8221;no&#8221; wd_column_role_content_desktop=&#8221;no&#8221; wd_column_role_content_tablet=&#8221;no&#8221; wd_column_role_content_mobile=&#8221;no&#8221; mobile_bg_img_hidden=&#8221;no&#8221; tablet_bg_img_hidden=&#8221;no&#8221; woodmart_parallax=&#8221;0&#8243; woodmart_box_shadow=&#8221;no&#8221; responsive_spacing=&#8221;eyJwYXJhbV90eXBlIjoid29vZG1hcnRfcmVzcG9uc2l2ZV9zcGFjaW5nIiwic2VsZWN0b3JfaWQiOiI2OGU2MjU2ZWJiN2FkIiwic2hvcnRjb2RlIjoidmNfY29sdW1uX2lubmVyIiwiZGF0YSI6eyJ0YWJsZXQiOnt9LCJtb2JpbGUiOnt9fX0=&#8221; wd_z_index=&#8221;no&#8221;]\t\t<div id=\"wd-68ef570fcb087\" class=\"wd-text-block wd-wpb reset-last-child wd-rs-68ef570fcb087 text-left  sadrzajproizvodadesni\">\n\t\t\t<ul>\n<li aria-level=\"1\">pH (0,1 %): 7,4<\/li>\n<li aria-level=\"1\">ES (0,1 %): 0,4<\/li>\n<\/ul>\n\t\t<\/div>\n\t\t[\/vc_column_inner][\/vc_row_inner][vc_row_inner gap=&#8221;10&#8243; woodmart_css_id=&#8221;68e75ba22abe8&#8243; responsive_spacing=&#8221;eyJwYXJhbV90eXBlIjoid29vZG1hcnRfcmVzcG9uc2l2ZV9zcGFjaW5nIiwic2VsZWN0b3JfaWQiOiI2OGU3NWJhMjJhYmU4Iiwic2hvcnRjb2RlIjoidmNfcm93X2lubmVyIiwiZGF0YSI6eyJ0YWJsZXQiOnt9LCJtb2JpbGUiOnt9fX0=&#8221; mobile_bg_img_hidden=&#8221;no&#8221; tablet_bg_img_hidden=&#8221;no&#8221; woodmart_parallax=&#8221;0&#8243; woodmart_gradient_switch=&#8221;no&#8221; woodmart_box_shadow=&#8221;no&#8221; wd_z_index=&#8221;no&#8221; woodmart_disable_overflow=&#8221;0&#8243; row_reverse_mobile=&#8221;0&#8243; row_reverse_tablet=&#8221;0&#8243; css=&#8221;.vc_custom_1759992744837{margin-top: 0px !important;margin-right: 0px !important;margin-bottom: 5px !important;margin-left: 0px !important;border-color: #6DAB3C !important;}&#8221; el_class=&#8221;nemaganamob&#8221;][vc_column_inner width=&#8221;3\/5&#8243; woodmart_css_id=&#8221;68e62564dccf1&#8243; parallax_scroll=&#8221;no&#8221; woodmart_sticky_column=&#8221;false&#8221; wd_collapsible_content_switcher=&#8221;no&#8221; wd_column_role_offcanvas_desktop=&#8221;no&#8221; wd_column_role_offcanvas_tablet=&#8221;no&#8221; wd_column_role_offcanvas_mobile=&#8221;no&#8221; wd_column_role_content_desktop=&#8221;no&#8221; wd_column_role_content_tablet=&#8221;no&#8221; wd_column_role_content_mobile=&#8221;no&#8221; mobile_bg_img_hidden=&#8221;no&#8221; tablet_bg_img_hidden=&#8221;no&#8221; woodmart_parallax=&#8221;0&#8243; woodmart_box_shadow=&#8221;no&#8221; responsive_spacing=&#8221;eyJwYXJhbV90eXBlIjoid29vZG1hcnRfcmVzcG9uc2l2ZV9zcGFjaW5nIiwic2VsZWN0b3JfaWQiOiI2OGU2MjU2NGRjY2YxIiwic2hvcnRjb2RlIjoidmNfY29sdW1uX2lubmVyIiwiZGF0YSI6eyJ0YWJsZXQiOnt9LCJtb2JpbGUiOnt9fX0=&#8221; wd_z_index=&#8221;no&#8221; css=&#8221;.vc_custom_1759913322515{padding-top: 0px !important;}&#8221;]\n\t\t<ul class=\" wd-rs-692948a87441d wd-list wd-wpb color-scheme- wd-fontsize-s wd-list-type-icon wd-list-style-default wd-justify-left pakovanjaiostalo \" id=\"wd-692948a87441d\">\n\t\t\t\t\t\t\t\t\t\t\t<li>\n\t\t\t\t\t<span class=\"list-icon wd-icon fas fa-box-open\"><\/span>\n\t\t\t\t\t<span class=\"list-content\">200 g | 1 kg | 5 kg<\/span>\n\t\t\t\t\t\t\t\t\t<\/li>\n\t\t\t\t\t<\/ul>\n\t\t[\/vc_column_inner][vc_column_inner width=&#8221;1\/5&#8243; css=&#8221;.vc_custom_1759913330475{padding-top: 0px !important;}&#8221; woodmart_css_id=&#8221;68e6256ebb7ad&#8221; parallax_scroll=&#8221;no&#8221; woodmart_sticky_column=&#8221;false&#8221; wd_collapsible_content_switcher=&#8221;no&#8221; wd_column_role_offcanvas_desktop=&#8221;no&#8221; wd_column_role_offcanvas_tablet=&#8221;no&#8221; wd_column_role_offcanvas_mobile=&#8221;no&#8221; wd_column_role_content_desktop=&#8221;no&#8221; wd_column_role_content_tablet=&#8221;no&#8221; wd_column_role_content_mobile=&#8221;no&#8221; mobile_bg_img_hidden=&#8221;no&#8221; tablet_bg_img_hidden=&#8221;no&#8221; woodmart_parallax=&#8221;0&#8243; woodmart_box_shadow=&#8221;no&#8221; responsive_spacing=&#8221;eyJwYXJhbV90eXBlIjoid29vZG1hcnRfcmVzcG9uc2l2ZV9zcGFjaW5nIiwic2VsZWN0b3JfaWQiOiI2OGU2MjU2ZWJiN2FkIiwic2hvcnRjb2RlIjoidmNfY29sdW1uX2lubmVyIiwiZGF0YSI6eyJ0YWJsZXQiOnt9LCJtb2JpbGUiOnt9fX0=&#8221; wd_z_index=&#8221;no&#8221;]\n\t\t<ul class=\" wd-rs-68e6283fb1fed wd-list wd-wpb color-scheme- wd-fontsize-s wd-list-type-icon wd-list-style-default wd-justify-right pakovanjaiostalo \" id=\"wd-68e6283fb1fed\">\n\t\t\t\t\t\t\t\t\t\t\t<li>\n\t\t\t\t\t<span class=\"list-icon wd-icon fas fa-file-image\"><\/span>\n\t\t\t\t\t<span class=\"list-content\">Oznaka<\/span>\n\t\t\t\t\t\t\t\t\t\t\t<a class=\"wd-fill\" href=\"https:\/\/fitofert.com\/wp-content\/uploads\/2025\/05\/Label-Aminomax-80-xxx.jpg\" title=\"\" target=\"_blank\" aria-label=\"List link\"><\/a>\n\t\t\t\t\t\t\t\t\t<\/li>\n\t\t\t\t\t<\/ul>\n\t\t[\/vc_column_inner][vc_column_inner width=&#8221;1\/5&#8243; css=&#8221;.vc_custom_1759914337694{padding-top: 0px !important;padding-bottom: 0px !important;}&#8221; woodmart_css_id=&#8221;68e6295dacce6&#8243; parallax_scroll=&#8221;no&#8221; woodmart_sticky_column=&#8221;false&#8221; wd_collapsible_content_switcher=&#8221;no&#8221; wd_column_role_offcanvas_desktop=&#8221;no&#8221; wd_column_role_offcanvas_tablet=&#8221;no&#8221; wd_column_role_offcanvas_mobile=&#8221;no&#8221; wd_column_role_content_desktop=&#8221;no&#8221; wd_column_role_content_tablet=&#8221;no&#8221; wd_column_role_content_mobile=&#8221;no&#8221; mobile_bg_img_hidden=&#8221;no&#8221; tablet_bg_img_hidden=&#8221;no&#8221; woodmart_parallax=&#8221;0&#8243; woodmart_box_shadow=&#8221;no&#8221; responsive_spacing=&#8221;eyJwYXJhbV90eXBlIjoid29vZG1hcnRfcmVzcG9uc2l2ZV9zcGFjaW5nIiwic2VsZWN0b3JfaWQiOiI2OGU2Mjk1ZGFjY2U2Iiwic2hvcnRjb2RlIjoidmNfY29sdW1uX2lubmVyIiwiZGF0YSI6eyJ0YWJsZXQiOnt9LCJtb2JpbGUiOnt9fX0=&#8221; wd_z_index=&#8221;no&#8221;]\n\t\t<ul class=\" wd-rs-692948bf76216 wd-list wd-wpb color-scheme- wd-fontsize-s wd-list-type-icon wd-list-style-default wd-justify-right pakovanjaiostalo \" id=\"wd-692948bf76216\">\n\t\t\t\t\t\t\t\t\t\t\t<li>\n\t\t\t\t\t<span class=\"list-icon wd-icon fas fa-file-invoice\"><\/span>\n\t\t\t\t\t<span class=\"list-content\">Varnostni list<\/span>\n\t\t\t\t\t\t\t\t\t\t\t<a class=\"wd-fill\" href=\"https:\/\/fitofert.com\/wp-content\/uploads\/2025\/11\/FF-Mangan-organo-12-msds-08-07-2025.pdf\" title=\"\" target=\"_blank\" aria-label=\"List link\"><\/a>\n\t\t\t\t\t\t\t\t\t<\/li>\n\t\t\t\t\t<\/ul>\n\t\t[\/vc_column_inner][\/vc_row_inner][\/vc_column][\/vc_row][\/vc_section]<\/p>\n<\/div>","protected":false},"excerpt":{"rendered":"<p>[vc_section woodmart_css_id=&#8221;697478abe2738&#8243; responsive_spacing=&#8221;eyJwYXJhbV90eXBlIjoid29vZG1hcnRfcmVzcG9uc2l2ZV9zcGFjaW5nIiwic2VsZWN0b3JfaWQiOiI2OTc0NzhhYmUyNzM4Iiwic2hvcnRjb2RlIjoidmNfc2VjdGlvbiIsImRhdGEiOnsidGFibGV0Ijp7fSwibW9iaWxlIjp7fX19&#8243; mobile_bg_img_hidden=&#8221;no&#8221; tablet_bg_img_hidden=&#8221;no&#8221; woodmart_parallax=&#8221;0&#8243; woodmart_gradient_switch=&#8221;no&#8221; woodmart_box_shadow=&#8221;no&#8221; wd_z_index=&#8221;no&#8221; woodmart_disable_overflow=&#8221;0&#8243; css=&#8221;.vc_custom_1769240760129{margin-top: -40px !important;margin-bottom: -80px !important;padding-top: 20px !important;padding-bottom: 60px !important;background-position: center<\/p>\n","protected":false},"featured_media":7852,"comment_status":"closed","ping_status":"closed","template":"","meta":[],"product_brand":[],"product_cat":[103],"product_tag":[],"class_list":{"0":"post-11910","1":"product","2":"type-product","3":"status-publish","4":"has-post-thumbnail","6":"product_cat-mikroelementna-gnojila","8":"first","9":"instock","10":"shipping-taxable","11":"product-type-simple"},"_links":{"self":[{"href":"https:\/\/fitofert.com\/sl\/wp-json\/wp\/v2\/product\/11910","targetHints":{"allow":["GET"]}}],"collection":[{"href":"https:\/\/fitofert.com\/sl\/wp-json\/wp\/v2\/product"}],"about":[{"href":"https:\/\/fitofert.com\/sl\/wp-json\/wp\/v2\/types\/product"}],"replies":[{"embeddable":true,"href":"https:\/\/fitofert.com\/sl\/wp-json\/wp\/v2\/comments?post=11910"}],"wp:featuredmedia":[{"embeddable":true,"href":"https:\/\/fitofert.com\/sl\/wp-json\/wp\/v2\/media\/7852"}],"wp:attachment":[{"href":"https:\/\/fitofert.com\/sl\/wp-json\/wp\/v2\/media?parent=11910"}],"wp:term":[{"taxonomy":"product_brand","embeddable":true,"href":"https:\/\/fitofert.com\/sl\/wp-json\/wp\/v2\/product_brand?post=11910"},{"taxonomy":"product_cat","embeddable":true,"href":"https:\/\/fitofert.com\/sl\/wp-json\/wp\/v2\/product_cat?post=11910"},{"taxonomy":"product_tag","embeddable":true,"href":"https:\/\/fitofert.com\/sl\/wp-json\/wp\/v2\/product_tag?post=11910"}],"curies":[{"name":"wp","href":"https:\/\/api.w.org\/{rel}","templated":true}]}}