{"id":9371,"date":"2026-03-04T17:49:54","date_gmt":"2026-03-04T17:49:54","guid":{"rendered":"https:\/\/fitofert.com\/borovnica-aronija-ribez\/"},"modified":"2026-03-04T17:59:36","modified_gmt":"2026-03-04T17:59:36","slug":"borovnica-aronija-ribez","status":"publish","type":"page","link":"https:\/\/fitofert.com\/sl\/program-hranjenja-s-sadjem\/borovnica-aronija-ribez\/","title":{"rendered":"Borovnica, aronija, ribez"},"content":{"rendered":"<div class=\"wpb-content-wrapper\"><p>[vc_section woodmart_stretch_content=&#8221;section-stretch&#8221; woodmart_css_id=&#8221;68e6194176056&#8243; responsive_spacing=&#8221;eyJwYXJhbV90eXBlIjoid29vZG1hcnRfcmVzcG9uc2l2ZV9zcGFjaW5nIiwic2VsZWN0b3JfaWQiOiI2OGU2MTk0MTc2MDU2Iiwic2hvcnRjb2RlIjoidmNfc2VjdGlvbiIsImRhdGEiOnsidGFibGV0Ijp7fSwibW9iaWxlIjp7fX19&#8243; mobile_bg_img_hidden=&#8221;no&#8221; tablet_bg_img_hidden=&#8221;no&#8221; woodmart_parallax=&#8221;0&#8243; woodmart_gradient_switch=&#8221;yes&#8221; woodmart_color_gradient=&#8221;rgb(98, 162, 30)-0\/rgb(34, 56, 10)-100\/|linear-gradient(top , rgb(98, 162, 30) , rgb(34, 56, 10) 100%)|linear|top&#8221; woodmart_box_shadow=&#8221;no&#8221; wd_z_index=&#8221;no&#8221; woodmart_disable_overflow=&#8221;0&#8243; css=&#8221;.vc_custom_1759910217496{margin-top: -40px !important;margin-bottom: -80px !important;padding-top: 20px !important;padding-bottom: 60px !important;background-position: center !important;background-repeat: no-repeat !important;background-size: cover !important;}&#8221;][vc_row woodmart_stretch_content=&#8221;section-stretch&#8221; css=&#8221;.vc_custom_1759993808742{margin-top: -40px !important;margin-bottom: -60px !important;padding-bottom: 100px !important;background-image: url(https:\/\/fitofert.com\/wp-content\/uploads\/2025\/10\/gradient-kod-proizvoda.webp?id=7746) !important;background-position: center !important;background-repeat: no-repeat !important;background-size: cover !important;}&#8221; woodmart_css_id=&#8221;68e75fc41450b&#8221; responsive_spacing=&#8221;eyJwYXJhbV90eXBlIjoid29vZG1hcnRfcmVzcG9uc2l2ZV9zcGFjaW5nIiwic2VsZWN0b3JfaWQiOiI2OGU3NWZjNDE0NTBiIiwic2hvcnRjb2RlIjoidmNfcm93IiwiZGF0YSI6eyJ0YWJsZXQiOnt9LCJtb2JpbGUiOnt9fX0=&#8221; mobile_bg_img_hidden=&#8221;yes&#8221; tablet_bg_img_hidden=&#8221;no&#8221; woodmart_parallax=&#8221;0&#8243; woodmart_gradient_switch=&#8221;no&#8221; woodmart_box_shadow=&#8221;no&#8221; wd_z_index=&#8221;no&#8221; woodmart_disable_overflow=&#8221;0&#8243; row_reverse_mobile=&#8221;0&#8243; row_reverse_tablet=&#8221;0&#8243; el_class=&#8221;proizvod&#8221;][vc_column width=&#8221;2\/3&#8243; css=&#8221;.vc_custom_1761902885386{padding-top: 100px !important;}&#8221; woodmart_css_id=&#8221;6904811d5659e&#8221; parallax_scroll=&#8221;no&#8221; woodmart_sticky_column=&#8221;false&#8221; wd_collapsible_content_switcher=&#8221;no&#8221; wd_column_role_offcanvas_desktop=&#8221;no&#8221; wd_column_role_offcanvas_tablet=&#8221;no&#8221; wd_column_role_offcanvas_mobile=&#8221;no&#8221; wd_column_role_content_desktop=&#8221;no&#8221; wd_column_role_content_tablet=&#8221;no&#8221; wd_column_role_content_mobile=&#8221;no&#8221; mobile_bg_img_hidden=&#8221;no&#8221; tablet_bg_img_hidden=&#8221;no&#8221; woodmart_parallax=&#8221;0&#8243; woodmart_box_shadow=&#8221;no&#8221; responsive_spacing=&#8221;eyJwYXJhbV90eXBlIjoid29vZG1hcnRfcmVzcG9uc2l2ZV9zcGFjaW5nIiwic2VsZWN0b3JfaWQiOiI2OTA0ODExZDU2NTllIiwic2hvcnRjb2RlIjoidmNfY29sdW1uIiwiZGF0YSI6eyJ0YWJsZXQiOnt9LCJtb2JpbGUiOnt9fX0=&#8221; mobile_reset_margin=&#8221;no&#8221; tablet_reset_margin=&#8221;no&#8221; wd_z_index=&#8221;no&#8221;]\n\t\t<div id=\"wd-69049291cbe4f\" class=\"title-wrapper wd-wpb set-mb-s reset-last-child  wd-rs-69049291cbe4f wd-title-color-alt wd-title-style-default text-left  wd-underline-colored\">\n\t\t\t\n\t\t\t<div class=\"liner-continer\">\n\t\t\t\t<h1 class=\"woodmart-title-container title  wd-font-weight- wd-fontsize-xxl\" >BOROVNICA, ARONIJA IN RIBEZ<\/h1>\n\t\t\t\t\t\t\t<\/div>\n\t\t\t\n\t\t\t\n\t\t\t\n\t\t<\/div>\n\t\t\n\t\t\t\t<div id=\"wd-6989b96d53ef3\" class=\"wd-text-block wd-wpb reset-last-child wd-rs-6989b96d53ef3 text-left vc_custom_1770633589017\">\n\t\t\t<p><b>Predlagani program gnojenja borovnic, aronije in ribeza<\/b> se za\u010dne pred za\u010detkom rastne sezone z uporabo osnovnega granuliranega gnojila <b>FitoCrop Complex 12-11-18<\/b> ali <b>8-20-30+3S<\/b> , v koli\u010dini od 50 do 100 g na rastlino, z dodatkom peletiranega gnojila <b>FertiPlus<\/b> v koli\u010dini od 100 do 150 g na rastlino.<\/p>\n<p>Pri pridelavi borovnic v lon\u010dkih se uporaba teh osnovnih talnih gnojil izpusti. Navedene koli\u010dine gnojil za fertirigacijo se nana\u0161ajo na tedenske tretiranja in \u010de se namakanje izvaja ve\u010dkrat na teden, se enakomerno porazdelijo glede na \u0161tevilo tretiranj. Pred vsako uporabo izdelka <b>pH Green<\/b> je treba preveriti pH vrednost substrata oziroma zemlje in prilagoditi koli\u010dino izdelka glede na rezultate.<\/p>\n\t\t<\/div>\n\t\t\n\t\t<ul class=\" wd-rs-6904930fb6bdb wd-list wd-wpb color-scheme- wd-fontsize-m wd-list-type-icon wd-list-style-default wd-justify-left pakovanjaiostalo vc_custom_1761907478749\" id=\"wd-6904930fb6bdb\">\n\t\t\t\t\t\t\t\t\t\t\t<li>\n\t\t\t\t\t<span class=\"list-icon wd-icon fas fa-file-pdf\"><\/span>\n\t\t\t\t\t<span class=\"list-content\">Prenesite si program dopolnil (PDF)<\/span>\n\t\t\t\t\t\t\t\t\t\t\t<a class=\"wd-fill\" href=\"https:\/\/fitofert.com\/wp-content\/uploads\/2025\/10\/program-prihrane-ishrana-voca-borovnica-aronija-i-ribizla.pdf\" title=\"\" target=\"_blank\" aria-label=\"List link\"><\/a>\n\t\t\t\t\t\t\t\t\t<\/li>\n\t\t\t\t\t<\/ul>\n\t\t[\/vc_column][vc_column width=&#8221;1\/3&#8243; woodmart_css_id=&#8221;68e75d21972b7&#8243; parallax_scroll=&#8221;no&#8221; woodmart_sticky_column=&#8221;false&#8221; wd_collapsible_content_switcher=&#8221;no&#8221; wd_column_role_offcanvas_desktop=&#8221;no&#8221; wd_column_role_offcanvas_tablet=&#8221;no&#8221; wd_column_role_offcanvas_mobile=&#8221;no&#8221; wd_column_role_content_desktop=&#8221;no&#8221; wd_column_role_content_tablet=&#8221;no&#8221; wd_column_role_content_mobile=&#8221;no&#8221; mobile_bg_img_hidden=&#8221;no&#8221; tablet_bg_img_hidden=&#8221;no&#8221; woodmart_parallax=&#8221;0&#8243; woodmart_box_shadow=&#8221;no&#8221; responsive_spacing=&#8221;eyJwYXJhbV90eXBlIjoid29vZG1hcnRfcmVzcG9uc2l2ZV9zcGFjaW5nIiwic2VsZWN0b3JfaWQiOiI2OGU3NWQyMTk3MmI3Iiwic2hvcnRjb2RlIjoidmNfY29sdW1uIiwiZGF0YSI6eyJ0YWJsZXQiOnt9LCJtb2JpbGUiOnt9fX0=&#8221; mobile_reset_margin=&#8221;no&#8221; tablet_reset_margin=&#8221;no&#8221; wd_z_index=&#8221;no&#8221; el_class=&#8221;opisproizvoda&#8221;][vc_single_image image=&#8221;9373&#8243; img_size=&#8221;full&#8221; css=&#8221;.vc_custom_1761907368063{margin-bottom: 0px !important;}&#8221; parallax_scroll=&#8221;no&#8221; woodmart_inline=&#8221;no&#8221; el_class=&#8221;prihranaslike&#8221;][\/vc_column][\/vc_row][\/vc_section]<\/p>\n<\/div>","protected":false},"excerpt":{"rendered":"<p>[vc_section woodmart_stretch_content=&#8221;section-stretch&#8221; woodmart_css_id=&#8221;68e6194176056&#8243; responsive_spacing=&#8221;eyJwYXJhbV90eXBlIjoid29vZG1hcnRfcmVzcG9uc2l2ZV9zcGFjaW5nIiwic2VsZWN0b3JfaWQiOiI2OGU2MTk0MTc2MDU2Iiwic2hvcnRjb2RlIjoidmNfc2VjdGlvbiIsImRhdGEiOnsidGFibGV0Ijp7fSwibW9iaWxlIjp7fX19&#8243; mobile_bg_img_hidden=&#8221;no&#8221; tablet_bg_img_hidden=&#8221;no&#8221; woodmart_parallax=&#8221;0&#8243; woodmart_gradient_switch=&#8221;yes&#8221; woodmart_color_gradient=&#8221;rgb(98, 162, 30)-0\/rgb(34, 56, 10)-100\/|linear-gradient(top , rgb(98, 162, 30) , rgb(34, 56,<\/p>\n","protected":false},"author":1,"featured_media":0,"parent":11357,"menu_order":0,"comment_status":"closed","ping_status":"closed","template":"","meta":{"footnotes":""},"class_list":["post-9371","page","type-page","status-publish","hentry"],"_links":{"self":[{"href":"https:\/\/fitofert.com\/sl\/wp-json\/wp\/v2\/pages\/9371","targetHints":{"allow":["GET"]}}],"collection":[{"href":"https:\/\/fitofert.com\/sl\/wp-json\/wp\/v2\/pages"}],"about":[{"href":"https:\/\/fitofert.com\/sl\/wp-json\/wp\/v2\/types\/page"}],"author":[{"embeddable":true,"href":"https:\/\/fitofert.com\/sl\/wp-json\/wp\/v2\/users\/1"}],"replies":[{"embeddable":true,"href":"https:\/\/fitofert.com\/sl\/wp-json\/wp\/v2\/comments?post=9371"}],"version-history":[{"count":2,"href":"https:\/\/fitofert.com\/sl\/wp-json\/wp\/v2\/pages\/9371\/revisions"}],"predecessor-version":[{"id":9420,"href":"https:\/\/fitofert.com\/sl\/wp-json\/wp\/v2\/pages\/9371\/revisions\/9420"}],"up":[{"embeddable":true,"href":"https:\/\/fitofert.com\/sl\/wp-json\/wp\/v2\/pages\/11357"}],"wp:attachment":[{"href":"https:\/\/fitofert.com\/sl\/wp-json\/wp\/v2\/media?parent=9371"}],"curies":[{"name":"wp","href":"https:\/\/api.w.org\/{rel}","templated":true}]}}