{"id":11998,"date":"2026-03-04T20:54:26","date_gmt":"2026-03-04T18:54:26","guid":{"rendered":"https:\/\/fitofert.com\/proizvod\/magni-cal-b\/"},"modified":"2026-03-04T20:54:34","modified_gmt":"2026-03-04T18:54:34","slug":"magni-cal-b","status":"publish","type":"product","link":"https:\/\/fitofert.com\/ro\/proizvod\/magni-cal-b\/","title":{"rendered":"MAGNI-CAL B"},"content":{"rendered":"<div class=\"wpb-content-wrapper\"><p>[vc_section woodmart_css_id=&#8221;696dffc3d08dd&#8221; responsive_spacing=&#8221;eyJwYXJhbV90eXBlIjoid29vZG1hcnRfcmVzcG9uc2l2ZV9zcGFjaW5nIiwic2VsZWN0b3JfaWQiOiI2OTZkZmZjM2QwOGRkIiwic2hvcnRjb2RlIjoidmNfc2VjdGlvbiIsImRhdGEiOnsidGFibGV0Ijp7fSwibW9iaWxlIjp7fX19&#8243; mobile_bg_img_hidden=&#8221;no&#8221; tablet_bg_img_hidden=&#8221;no&#8221; woodmart_parallax=&#8221;0&#8243; woodmart_gradient_switch=&#8221;no&#8221; woodmart_box_shadow=&#8221;no&#8221; wd_z_index=&#8221;no&#8221; woodmart_disable_overflow=&#8221;0&#8243; css=&#8221;.vc_custom_1768816585349{margin-top: -40px !important;margin-bottom: -80px !important;padding-top: 20px !important;padding-bottom: 60px !important;background-position: center !important;background-repeat: no-repeat !important;background-size: cover !important;}&#8221;][vc_row css=&#8221;.vc_custom_1768816591975{margin-top: -40px !important;margin-bottom: -60px !important;padding-bottom: 100px !important;background-position: center !important;background-repeat: no-repeat !important;background-size: cover !important;}&#8221; woodmart_css_id=&#8221;696dffcacb091&#8243; responsive_spacing=&#8221;eyJwYXJhbV90eXBlIjoid29vZG1hcnRfcmVzcG9uc2l2ZV9zcGFjaW5nIiwic2VsZWN0b3JfaWQiOiI2OTZkZmZjYWNiMDkxIiwic2hvcnRjb2RlIjoidmNfcm93IiwiZGF0YSI6eyJ0YWJsZXQiOnt9LCJtb2JpbGUiOnt9fX0=&#8221; mobile_bg_img_hidden=&#8221;yes&#8221; tablet_bg_img_hidden=&#8221;no&#8221; woodmart_parallax=&#8221;0&#8243; woodmart_gradient_switch=&#8221;no&#8221; woodmart_box_shadow=&#8221;no&#8221; wd_z_index=&#8221;no&#8221; woodmart_disable_overflow=&#8221;0&#8243; row_reverse_mobile=&#8221;0&#8243; row_reverse_tablet=&#8221;0&#8243; el_class=&#8221;proizvod&#8221;][vc_column]\n\t\t<div id=\"wd-68ee0ac19cef6\" class=\"title-wrapper wd-wpb set-mb-s reset-last-child  wd-rs-68ee0ac19cef6 wd-title-color-alt wd-title-style-default text-left  wd-underline-colored\">\n\t\t\t\n\t\t\t<div class=\"liner-continer\">\n\t\t\t\t<h1 class=\"woodmart-title-container title  wd-font-weight- wd-fontsize-xxl\" >MAGNI-CAL B<\/h1>\n\t\t\t\t\t\t\t<\/div>\n\t\t\t\n\t\t\t\n\t\t\t\n\t\t<\/div>\n\t\t\n\t\t\t\t<div id=\"wd-68ee0ad933028\" class=\"wd-text-block wd-wpb reset-last-child wd-rs-68ee0ad933028 text-left vc_custom_1760430824676\">\n\t\t\t<p>\u00cengr\u0103\u0219\u0103m\u00e2nt foliar lichid pe baz\u0103 de <b>calciu \u0219i magneziu<\/b> , cu adaos de <b>bor<\/b> . Aceast\u0103 combina\u021bie atent formulat\u0103 este destinat\u0103 fructelor \u0219i legumelor, \u00een special \u00een perioada de la \u00eenceputul p\u00e2n\u0103 la mijlocul sezonului de cre\u0219tere, c\u00e2nd plantele au cea mai mare nevoie de ace\u0219ti nutrien\u021bi. <\/p>\n<p>Calciul se afl\u0103 \u00eentr-o form\u0103 u\u0219or absorbabil\u0103, ceea ce \u00eel face ideal pentru aplicare \u00een primele etape de formare \u0219i umplere a fructelor. <b>Borul din formul\u0103 promoveaz\u0103 absorb\u021bia calciului \u0219i contribuie la o fertilizare mai reu\u0219it\u0103<\/b> , \u00een timp ce prezen\u021ba magneziului elimin\u0103 simptomele deficitului acestuia \u0219i asigur\u0103 o fotosintez\u0103 nestingherit\u0103. Preparatul ofer\u0103 echilibru nutri\u021bional \u0219i contribuie la ob\u021binerea unor fructe de o calitate, fermitate \u0219i longevitate mai bune. <\/p>\n<p>Con\u021binut de CaO \u00een produs: 205,5 g\/l<\/p>\n\t\t<\/div>\n\t\t[vc_row_inner gap=&#8221;10&#8243; woodmart_css_id=&#8221;68ef545b73185&#8243; responsive_spacing=&#8221;eyJwYXJhbV90eXBlIjoid29vZG1hcnRfcmVzcG9uc2l2ZV9zcGFjaW5nIiwic2VsZWN0b3JfaWQiOiI2OGVmNTQ1YjczMTg1Iiwic2hvcnRjb2RlIjoidmNfcm93X2lubmVyIiwiZGF0YSI6eyJ0YWJsZXQiOnt9LCJtb2JpbGUiOnt9fX0=&#8221; mobile_bg_img_hidden=&#8221;no&#8221; tablet_bg_img_hidden=&#8221;no&#8221; woodmart_parallax=&#8221;0&#8243; woodmart_gradient_switch=&#8221;no&#8221; woodmart_box_shadow=&#8221;no&#8221; wd_z_index=&#8221;no&#8221; woodmart_disable_overflow=&#8221;0&#8243; row_reverse_mobile=&#8221;0&#8243; row_reverse_tablet=&#8221;0&#8243; css=&#8221;.vc_custom_1760515177034{margin-top: 0px !important;margin-right: 0px !important;margin-left: 0px !important;padding-top: 0px !important;border-color: #6DAB3C !important;}&#8221;][vc_column_inner width=&#8221;1\/2&#8243; woodmart_css_id=&#8221;68ee06944a7a2&#8243; parallax_scroll=&#8221;no&#8221; woodmart_sticky_column=&#8221;false&#8221; wd_collapsible_content_switcher=&#8221;no&#8221; wd_column_role_offcanvas_desktop=&#8221;no&#8221; wd_column_role_offcanvas_tablet=&#8221;no&#8221; wd_column_role_offcanvas_mobile=&#8221;no&#8221; wd_column_role_content_desktop=&#8221;no&#8221; wd_column_role_content_tablet=&#8221;no&#8221; wd_column_role_content_mobile=&#8221;no&#8221; mobile_bg_img_hidden=&#8221;no&#8221; tablet_bg_img_hidden=&#8221;no&#8221; woodmart_parallax=&#8221;0&#8243; woodmart_box_shadow=&#8221;no&#8221; responsive_spacing=&#8221;eyJwYXJhbV90eXBlIjoid29vZG1hcnRfcmVzcG9uc2l2ZV9zcGFjaW5nIiwic2VsZWN0b3JfaWQiOiI2OGVlMDY5NDRhN2EyIiwic2hvcnRjb2RlIjoidmNfY29sdW1uX2lubmVyIiwiZGF0YSI6eyJ0YWJsZXQiOnt9LCJtb2JpbGUiOnt9fX0=&#8221; wd_z_index=&#8221;no&#8221;]\t\t<div id=\"wd-68ee0af82a9d4\" class=\"wd-text-block wd-wpb reset-last-child wd-rs-68ee0af82a9d4 text-left \">\n\t\t\t<h2>Beneficii cheie<\/h2>\n<ul>\n<li aria-level=\"1\">Calciu u\u0219or absorbabil pentru formarea \u0219i s\u0103\u021birea fructelor de calitate<\/li>\n<li aria-level=\"1\">Borul \u00eembun\u0103t\u0103\u021be\u0219te absorb\u021bia calciului \u0219i contribuie la fertilizare<\/li>\n<li aria-level=\"1\">Magneziul previne simptomele deficien\u021bei \u0219i \u00eembun\u0103t\u0103\u021be\u0219te fotosinteza<\/li>\n<li aria-level=\"1\">Ideal pentru fructe \u0219i legume \u00een stadiile timpurii \u0219i mijlocii ale sezonului de cre\u0219tere<\/li>\n<li aria-level=\"1\">\u00cembun\u0103t\u0103\u021be\u0219te calitatea, fermitatea \u0219i durabilitatea fructelor<\/li>\n<\/ul>\n\t\t<\/div>\n\t\t[\/vc_column_inner][vc_column_inner width=&#8221;1\/2&#8243;]\t\t<div id=\"wd-68ee0b019a389\" class=\"wd-text-block wd-wpb reset-last-child wd-rs-68ee0b019a389 text-left \">\n\t\t\t<h2>Recomandare pentru aplicare<\/h2>\n<ul>\n<li aria-level=\"1\"><b>Cultivarea fructelor:<\/b> 3\u20135 l\/ha<\/li>\n<li aria-level=\"1\"><b>Cultivarea legumelor: solu\u021bie 0,3\u20130,5%<\/b><\/li>\n<\/ul>\n\t\t<\/div>\n\t\t[\/vc_column_inner][\/vc_row_inner][vc_row_inner gap=&#8221;10&#8243; woodmart_css_id=&#8221;68ee0cbe47307&#8243; responsive_spacing=&#8221;eyJwYXJhbV90eXBlIjoid29vZG1hcnRfcmVzcG9uc2l2ZV9zcGFjaW5nIiwic2VsZWN0b3JfaWQiOiI2OGVlMGNiZTQ3MzA3Iiwic2hvcnRjb2RlIjoidmNfcm93X2lubmVyIiwiZGF0YSI6eyJ0YWJsZXQiOnt9LCJtb2JpbGUiOnt9fX0=&#8221; mobile_bg_img_hidden=&#8221;no&#8221; tablet_bg_img_hidden=&#8221;no&#8221; woodmart_parallax=&#8221;0&#8243; woodmart_gradient_switch=&#8221;no&#8221; woodmart_box_shadow=&#8221;no&#8221; wd_z_index=&#8221;no&#8221; woodmart_disable_overflow=&#8221;0&#8243; row_reverse_mobile=&#8221;0&#8243; row_reverse_tablet=&#8221;0&#8243; css=&#8221;.vc_custom_1760431298027{margin-top: 0px !important;margin-right: 0px !important;margin-bottom: 5px !important;margin-left: 0px !important;border-color: #6DAB3C !important;}&#8221;][vc_column_inner width=&#8221;2\/3&#8243; woodmart_css_id=&#8221;68e62564dccf1&#8243; parallax_scroll=&#8221;no&#8221; woodmart_sticky_column=&#8221;false&#8221; wd_collapsible_content_switcher=&#8221;no&#8221; wd_column_role_offcanvas_desktop=&#8221;no&#8221; wd_column_role_offcanvas_tablet=&#8221;no&#8221; wd_column_role_offcanvas_mobile=&#8221;no&#8221; wd_column_role_content_desktop=&#8221;no&#8221; wd_column_role_content_tablet=&#8221;no&#8221; wd_column_role_content_mobile=&#8221;no&#8221; mobile_bg_img_hidden=&#8221;no&#8221; tablet_bg_img_hidden=&#8221;no&#8221; woodmart_parallax=&#8221;0&#8243; woodmart_box_shadow=&#8221;no&#8221; responsive_spacing=&#8221;eyJwYXJhbV90eXBlIjoid29vZG1hcnRfcmVzcG9uc2l2ZV9zcGFjaW5nIiwic2VsZWN0b3JfaWQiOiI2OGU2MjU2NGRjY2YxIiwic2hvcnRjb2RlIjoidmNfY29sdW1uX2lubmVyIiwiZGF0YSI6eyJ0YWJsZXQiOnt9LCJtb2JpbGUiOnt9fX0=&#8221; wd_z_index=&#8221;no&#8221; css=&#8221;.vc_custom_1759913322515{padding-top: 0px !important;}&#8221;]\t\t<div id=\"wd-68ee0bac038e1\" class=\"wd-text-block wd-wpb reset-last-child wd-rs-68ee0bac038e1 text-left  sadrzajproizvoda\">\n\t\t\t<ul>\n<li>N: 10%<\/li>\n<li>CaO: 15%<\/li>\n<li>B: 0,2%<\/li>\n<li>MgO: 2%<\/li>\n<li>+ME (Cu, Fe, Mn, Mo, Zn)<\/li>\n<\/ul>\n\t\t<\/div>\n\t\t[\/vc_column_inner][vc_column_inner width=&#8221;1\/3&#8243; css=&#8221;.vc_custom_1759913330475{padding-top: 0px !important;}&#8221; woodmart_css_id=&#8221;68e6256ebb7ad&#8221; parallax_scroll=&#8221;no&#8221; woodmart_sticky_column=&#8221;false&#8221; wd_collapsible_content_switcher=&#8221;no&#8221; wd_column_role_offcanvas_desktop=&#8221;no&#8221; wd_column_role_offcanvas_tablet=&#8221;no&#8221; wd_column_role_offcanvas_mobile=&#8221;no&#8221; wd_column_role_content_desktop=&#8221;no&#8221; wd_column_role_content_tablet=&#8221;no&#8221; wd_column_role_content_mobile=&#8221;no&#8221; mobile_bg_img_hidden=&#8221;no&#8221; tablet_bg_img_hidden=&#8221;no&#8221; woodmart_parallax=&#8221;0&#8243; woodmart_box_shadow=&#8221;no&#8221; responsive_spacing=&#8221;eyJwYXJhbV90eXBlIjoid29vZG1hcnRfcmVzcG9uc2l2ZV9zcGFjaW5nIiwic2VsZWN0b3JfaWQiOiI2OGU2MjU2ZWJiN2FkIiwic2hvcnRjb2RlIjoidmNfY29sdW1uX2lubmVyIiwiZGF0YSI6eyJ0YWJsZXQiOnt9LCJtb2JpbGUiOnt9fX0=&#8221; wd_z_index=&#8221;no&#8221;]\t\t<div id=\"wd-68ee0eac07c33\" class=\"wd-text-block wd-wpb reset-last-child wd-rs-68ee0eac07c33 text-left  sadrzajproizvodadesni\">\n\t\t\t<ul>\n<li>pH (0,1%) 3-6<\/li>\n<li>CE (0,1 %) 1<\/li>\n<\/ul>\n\t\t<\/div>\n\t\t[\/vc_column_inner][\/vc_row_inner][vc_row_inner gap=&#8221;10&#8243; woodmart_css_id=&#8221;68e75ba22abe8&#8243; responsive_spacing=&#8221;eyJwYXJhbV90eXBlIjoid29vZG1hcnRfcmVzcG9uc2l2ZV9zcGFjaW5nIiwic2VsZWN0b3JfaWQiOiI2OGU3NWJhMjJhYmU4Iiwic2hvcnRjb2RlIjoidmNfcm93X2lubmVyIiwiZGF0YSI6eyJ0YWJsZXQiOnt9LCJtb2JpbGUiOnt9fX0=&#8221; mobile_bg_img_hidden=&#8221;no&#8221; tablet_bg_img_hidden=&#8221;no&#8221; woodmart_parallax=&#8221;0&#8243; woodmart_gradient_switch=&#8221;no&#8221; woodmart_box_shadow=&#8221;no&#8221; wd_z_index=&#8221;no&#8221; woodmart_disable_overflow=&#8221;0&#8243; row_reverse_mobile=&#8221;0&#8243; row_reverse_tablet=&#8221;0&#8243; css=&#8221;.vc_custom_1759992744837{margin-top: 0px !important;margin-right: 0px !important;margin-bottom: 5px !important;margin-left: 0px !important;border-color: #6DAB3C !important;}&#8221; el_class=&#8221;nemaganamob&#8221;][vc_column_inner width=&#8221;3\/5&#8243; woodmart_css_id=&#8221;68e62564dccf1&#8243; parallax_scroll=&#8221;no&#8221; woodmart_sticky_column=&#8221;false&#8221; wd_collapsible_content_switcher=&#8221;no&#8221; wd_column_role_offcanvas_desktop=&#8221;no&#8221; wd_column_role_offcanvas_tablet=&#8221;no&#8221; wd_column_role_offcanvas_mobile=&#8221;no&#8221; wd_column_role_content_desktop=&#8221;no&#8221; wd_column_role_content_tablet=&#8221;no&#8221; wd_column_role_content_mobile=&#8221;no&#8221; mobile_bg_img_hidden=&#8221;no&#8221; tablet_bg_img_hidden=&#8221;no&#8221; woodmart_parallax=&#8221;0&#8243; woodmart_box_shadow=&#8221;no&#8221; responsive_spacing=&#8221;eyJwYXJhbV90eXBlIjoid29vZG1hcnRfcmVzcG9uc2l2ZV9zcGFjaW5nIiwic2VsZWN0b3JfaWQiOiI2OGU2MjU2NGRjY2YxIiwic2hvcnRjb2RlIjoidmNfY29sdW1uX2lubmVyIiwiZGF0YSI6eyJ0YWJsZXQiOnt9LCJtb2JpbGUiOnt9fX0=&#8221; wd_z_index=&#8221;no&#8221; css=&#8221;.vc_custom_1759913322515{padding-top: 0px !important;}&#8221;]\n\t\t<ul class=\" wd-rs-692945a02e8e4 wd-list wd-wpb color-scheme- wd-fontsize-s wd-list-type-icon wd-list-style-default wd-justify-left pakovanjaiostalo \" id=\"wd-692945a02e8e4\">\n\t\t\t\t\t\t\t\t\t\t\t<li>\n\t\t\t\t\t<span class=\"list-icon wd-icon fas fa-box-open\"><\/span>\n\t\t\t\t\t<span class=\"list-content\">250ml | 1l | 5l | 10l<\/span>\n\t\t\t\t\t\t\t\t\t<\/li>\n\t\t\t\t\t<\/ul>\n\t\t[\/vc_column_inner][vc_column_inner width=&#8221;1\/5&#8243; css=&#8221;.vc_custom_1759913330475{padding-top: 0px !important;}&#8221; woodmart_css_id=&#8221;68e6256ebb7ad&#8221; parallax_scroll=&#8221;no&#8221; woodmart_sticky_column=&#8221;false&#8221; wd_collapsible_content_switcher=&#8221;no&#8221; wd_column_role_offcanvas_desktop=&#8221;no&#8221; wd_column_role_offcanvas_tablet=&#8221;no&#8221; wd_column_role_offcanvas_mobile=&#8221;no&#8221; wd_column_role_content_desktop=&#8221;no&#8221; wd_column_role_content_tablet=&#8221;no&#8221; wd_column_role_content_mobile=&#8221;no&#8221; mobile_bg_img_hidden=&#8221;no&#8221; tablet_bg_img_hidden=&#8221;no&#8221; woodmart_parallax=&#8221;0&#8243; woodmart_box_shadow=&#8221;no&#8221; responsive_spacing=&#8221;eyJwYXJhbV90eXBlIjoid29vZG1hcnRfcmVzcG9uc2l2ZV9zcGFjaW5nIiwic2VsZWN0b3JfaWQiOiI2OGU2MjU2ZWJiN2FkIiwic2hvcnRjb2RlIjoidmNfY29sdW1uX2lubmVyIiwiZGF0YSI6eyJ0YWJsZXQiOnt9LCJtb2JpbGUiOnt9fX0=&#8221; wd_z_index=&#8221;no&#8221;]\n\t\t<ul class=\" wd-rs-68e6283fb1fed wd-list wd-wpb color-scheme- wd-fontsize-s wd-list-type-icon wd-list-style-default wd-justify-right pakovanjaiostalo \" id=\"wd-68e6283fb1fed\">\n\t\t\t\t\t\t\t\t\t\t\t<li>\n\t\t\t\t\t<span class=\"list-icon wd-icon fas fa-file-image\"><\/span>\n\t\t\t\t\t<span class=\"list-content\">Eticheta<\/span>\n\t\t\t\t\t\t\t\t\t\t\t<a class=\"wd-fill\" href=\"https:\/\/fitofert.com\/wp-content\/uploads\/2025\/05\/Label-Aminomax-80-xxx.jpg\" title=\"\" target=\"_blank\" aria-label=\"List link\"><\/a>\n\t\t\t\t\t\t\t\t\t<\/li>\n\t\t\t\t\t<\/ul>\n\t\t[\/vc_column_inner][vc_column_inner width=&#8221;1\/5&#8243; css=&#8221;.vc_custom_1759914337694{padding-top: 0px !important;padding-bottom: 0px !important;}&#8221; woodmart_css_id=&#8221;68e6295dacce6&#8243; parallax_scroll=&#8221;no&#8221; woodmart_sticky_column=&#8221;false&#8221; wd_collapsible_content_switcher=&#8221;no&#8221; wd_column_role_offcanvas_desktop=&#8221;no&#8221; wd_column_role_offcanvas_tablet=&#8221;no&#8221; wd_column_role_offcanvas_mobile=&#8221;no&#8221; wd_column_role_content_desktop=&#8221;no&#8221; wd_column_role_content_tablet=&#8221;no&#8221; wd_column_role_content_mobile=&#8221;no&#8221; mobile_bg_img_hidden=&#8221;no&#8221; tablet_bg_img_hidden=&#8221;no&#8221; woodmart_parallax=&#8221;0&#8243; woodmart_box_shadow=&#8221;no&#8221; responsive_spacing=&#8221;eyJwYXJhbV90eXBlIjoid29vZG1hcnRfcmVzcG9uc2l2ZV9zcGFjaW5nIiwic2VsZWN0b3JfaWQiOiI2OGU2Mjk1ZGFjY2U2Iiwic2hvcnRjb2RlIjoidmNfY29sdW1uX2lubmVyIiwiZGF0YSI6eyJ0YWJsZXQiOnt9LCJtb2JpbGUiOnt9fX0=&#8221; wd_z_index=&#8221;no&#8221;]\n\t\t<ul class=\" wd-rs-692945d5da9e7 wd-list wd-wpb color-scheme- wd-fontsize-s wd-list-type-icon wd-list-style-default wd-justify-right pakovanjaiostalo \" id=\"wd-692945d5da9e7\">\n\t\t\t\t\t\t\t\t\t\t\t<li>\n\t\t\t\t\t<span class=\"list-icon wd-icon fas fa-file-invoice\"><\/span>\n\t\t\t\t\t<span class=\"list-content\">MSDS<\/span>\n\t\t\t\t\t\t\t\t\t\t\t<a class=\"wd-fill\" href=\"https:\/\/fitofert.com\/wp-content\/uploads\/2025\/11\/FF-Magnical-B-msds-20-06-2025.pdf\" title=\"\" target=\"_blank\" aria-label=\"List link\"><\/a>\n\t\t\t\t\t\t\t\t\t<\/li>\n\t\t\t\t\t<\/ul>\n\t\t[\/vc_column_inner][\/vc_row_inner][\/vc_column][\/vc_row][\/vc_section]<\/p>\n<\/div>","protected":false},"excerpt":{"rendered":"<p>[vc_section woodmart_css_id=&#8221;696dffc3d08dd&#8221; responsive_spacing=&#8221;eyJwYXJhbV90eXBlIjoid29vZG1hcnRfcmVzcG9uc2l2ZV9zcGFjaW5nIiwic2VsZWN0b3JfaWQiOiI2OTZkZmZjM2QwOGRkIiwic2hvcnRjb2RlIjoidmNfc2VjdGlvbiIsImRhdGEiOnsidGFibGV0Ijp7fSwibW9iaWxlIjp7fX19&#8243; mobile_bg_img_hidden=&#8221;no&#8221; tablet_bg_img_hidden=&#8221;no&#8221; woodmart_parallax=&#8221;0&#8243; woodmart_gradient_switch=&#8221;no&#8221; woodmart_box_shadow=&#8221;no&#8221; wd_z_index=&#8221;no&#8221; woodmart_disable_overflow=&#8221;0&#8243; css=&#8221;.vc_custom_1768816585349{margin-top: -40px !important;margin-bottom: -80px !important;padding-top: 20px !important;padding-bottom: 60px !important;background-position: center<\/p>\n","protected":false},"featured_media":7809,"comment_status":"closed","ping_status":"closed","template":"","meta":[],"product_brand":[],"product_cat":[110],"product_tag":[],"class_list":{"0":"post-11998","1":"product","2":"type-product","3":"status-publish","4":"has-post-thumbnail","6":"product_cat-ingrasaminte-pe-baza-de-calciu-si-magneziu","8":"first","9":"instock","10":"shipping-taxable","11":"product-type-simple"},"_links":{"self":[{"href":"https:\/\/fitofert.com\/ro\/wp-json\/wp\/v2\/product\/11998","targetHints":{"allow":["GET"]}}],"collection":[{"href":"https:\/\/fitofert.com\/ro\/wp-json\/wp\/v2\/product"}],"about":[{"href":"https:\/\/fitofert.com\/ro\/wp-json\/wp\/v2\/types\/product"}],"replies":[{"embeddable":true,"href":"https:\/\/fitofert.com\/ro\/wp-json\/wp\/v2\/comments?post=11998"}],"wp:featuredmedia":[{"embeddable":true,"href":"https:\/\/fitofert.com\/ro\/wp-json\/wp\/v2\/media\/7809"}],"wp:attachment":[{"href":"https:\/\/fitofert.com\/ro\/wp-json\/wp\/v2\/media?parent=11998"}],"wp:term":[{"taxonomy":"product_brand","embeddable":true,"href":"https:\/\/fitofert.com\/ro\/wp-json\/wp\/v2\/product_brand?post=11998"},{"taxonomy":"product_cat","embeddable":true,"href":"https:\/\/fitofert.com\/ro\/wp-json\/wp\/v2\/product_cat?post=11998"},{"taxonomy":"product_tag","embeddable":true,"href":"https:\/\/fitofert.com\/ro\/wp-json\/wp\/v2\/product_tag?post=11998"}],"curies":[{"name":"wp","href":"https:\/\/api.w.org\/{rel}","templated":true}]}}