{"id":11874,"date":"2026-03-04T20:49:25","date_gmt":"2026-03-04T18:49:25","guid":{"rendered":"https:\/\/fitofert.com\/proizvod\/sol-fitobiotic\/"},"modified":"2026-03-04T20:49:30","modified_gmt":"2026-03-04T18:49:30","slug":"sol-fitobiotic","status":"publish","type":"product","link":"https:\/\/fitofert.com\/ro\/proizvod\/sol-fitobiotic\/","title":{"rendered":"SOL FITOBIOTIC"},"content":{"rendered":"<div class=\"wpb-content-wrapper\"><p>[vc_section woodmart_css_id=&#8221;697480f8d437d&#8221; responsive_spacing=&#8221;eyJwYXJhbV90eXBlIjoid29vZG1hcnRfcmVzcG9uc2l2ZV9zcGFjaW5nIiwic2VsZWN0b3JfaWQiOiI2OTc0ODBmOGQ0MzdkIiwic2hvcnRjb2RlIjoidmNfc2VjdGlvbiIsImRhdGEiOnsidGFibGV0Ijp7fSwibW9iaWxlIjp7fX19&#8243; mobile_bg_img_hidden=&#8221;no&#8221; tablet_bg_img_hidden=&#8221;no&#8221; woodmart_parallax=&#8221;0&#8243; woodmart_gradient_switch=&#8221;no&#8221; woodmart_box_shadow=&#8221;no&#8221; wd_z_index=&#8221;no&#8221; woodmart_disable_overflow=&#8221;0&#8243; css=&#8221;.vc_custom_1769242885065{margin-top: -40px !important;margin-bottom: -80px !important;padding-top: 20px !important;padding-bottom: 60px !important;background-position: center !important;background-repeat: no-repeat !important;background-size: cover !important;}&#8221;][vc_row css=&#8221;.vc_custom_1769242891313{margin-top: -40px !important;margin-bottom: -60px !important;padding-bottom: 100px !important;background-position: center !important;background-repeat: no-repeat !important;background-size: cover !important;}&#8221; woodmart_css_id=&#8221;697481002839a&#8221; responsive_spacing=&#8221;eyJwYXJhbV90eXBlIjoid29vZG1hcnRfcmVzcG9uc2l2ZV9zcGFjaW5nIiwic2VsZWN0b3JfaWQiOiI2OTc0ODEwMDI4MzlhIiwic2hvcnRjb2RlIjoidmNfcm93IiwiZGF0YSI6eyJ0YWJsZXQiOnt9LCJtb2JpbGUiOnt9fX0=&#8221; mobile_bg_img_hidden=&#8221;yes&#8221; tablet_bg_img_hidden=&#8221;no&#8221; woodmart_parallax=&#8221;0&#8243; woodmart_gradient_switch=&#8221;no&#8221; woodmart_box_shadow=&#8221;no&#8221; wd_z_index=&#8221;no&#8221; woodmart_disable_overflow=&#8221;0&#8243; row_reverse_mobile=&#8221;0&#8243; row_reverse_tablet=&#8221;0&#8243; el_class=&#8221;proizvod&#8221;][vc_column]\t\t<div id=\"wd-69046a0d15515\" class=\"wd-text-block wd-wpb reset-last-child wd-rs-69046a0d15515 text-left vc_custom_1761896983290\">\n\t\t\t<p><b>\u00cengr\u0103\u0219\u0103m\u00e2nt microbiologic granulat<\/b> care combin\u0103 granule organice \u0219i microorganisme benefice din genul <i>Bacillus spp.<\/i> ( <i>B. pumilus<\/i> \u0219i <i>B. megaterium<\/i> ). Pe l\u00e2ng\u0103 microorganisme, este \u00eembog\u0103\u021bit \u0219i cu stimulatori de cre\u0219tere de origine vegetal\u0103 &#8211; <b>gibereline, auxine, citokinine \u0219i vitamine<\/b> &#8211; ceea ce \u00eel face un puternic factor de activitate microbiologic\u0103 \u00een sol \u0219i un suport pentru plante \u00een toate etapele de dezvoltare. <\/p>\n<p>Granula organic\u0103 serve\u0219te ca purt\u0103tor de nutrien\u021bi \u0219i furnizeaz\u0103 energie pentru colonizarea rapid\u0103 a rizosferei, \u00eembog\u0103\u021bind simultan solul cu nutrien\u021bi. Acest lucru realizeaz\u0103 un echilibru optim \u00eentre activitatea biologic\u0103 \u0219i nutri\u021bia plantelor.<\/p>\n\t\t<\/div>\n\t\t[vc_row_inner gap=&#8221;10&#8243; woodmart_css_id=&#8221;68ef54a1f05a0&#8243; responsive_spacing=&#8221;eyJwYXJhbV90eXBlIjoid29vZG1hcnRfcmVzcG9uc2l2ZV9zcGFjaW5nIiwic2VsZWN0b3JfaWQiOiI2OGVmNTRhMWYwNWEwIiwic2hvcnRjb2RlIjoidmNfcm93X2lubmVyIiwiZGF0YSI6eyJ0YWJsZXQiOnt9LCJtb2JpbGUiOnt9fX0=&#8221; mobile_bg_img_hidden=&#8221;no&#8221; tablet_bg_img_hidden=&#8221;no&#8221; woodmart_parallax=&#8221;0&#8243; woodmart_gradient_switch=&#8221;no&#8221; woodmart_box_shadow=&#8221;no&#8221; wd_z_index=&#8221;no&#8221; woodmart_disable_overflow=&#8221;0&#8243; row_reverse_mobile=&#8221;0&#8243; row_reverse_tablet=&#8221;0&#8243; css=&#8221;.vc_custom_1760515237815{margin-top: 0px !important;margin-right: 0px !important;margin-left: 0px !important;padding-top: 0px !important;border-color: #6DAB3C !important;}&#8221;][vc_column_inner width=&#8221;1\/2&#8243; woodmart_css_id=&#8221;68ee06944a7a2&#8243; parallax_scroll=&#8221;no&#8221; woodmart_sticky_column=&#8221;false&#8221; wd_collapsible_content_switcher=&#8221;no&#8221; wd_column_role_offcanvas_desktop=&#8221;no&#8221; wd_column_role_offcanvas_tablet=&#8221;no&#8221; wd_column_role_offcanvas_mobile=&#8221;no&#8221; wd_column_role_content_desktop=&#8221;no&#8221; wd_column_role_content_tablet=&#8221;no&#8221; wd_column_role_content_mobile=&#8221;no&#8221; mobile_bg_img_hidden=&#8221;no&#8221; tablet_bg_img_hidden=&#8221;no&#8221; woodmart_parallax=&#8221;0&#8243; woodmart_box_shadow=&#8221;no&#8221; responsive_spacing=&#8221;eyJwYXJhbV90eXBlIjoid29vZG1hcnRfcmVzcG9uc2l2ZV9zcGFjaW5nIiwic2VsZWN0b3JfaWQiOiI2OGVlMDY5NDRhN2EyIiwic2hvcnRjb2RlIjoidmNfY29sdW1uX2lubmVyIiwiZGF0YSI6eyJ0YWJsZXQiOnt9LCJtb2JpbGUiOnt9fX0=&#8221; wd_z_index=&#8221;no&#8221;]\t\t<div id=\"wd-69046a19bd74d\" class=\"wd-text-block wd-wpb reset-last-child wd-rs-69046a19bd74d text-left \">\n\t\t\t<h2>Beneficii cheie<\/h2>\n<ul>\n<li aria-level=\"1\">Activeaz\u0103 microbiologia solului \u00eentr-un mod natural<\/li>\n<li aria-level=\"1\">\u00cembun\u0103t\u0103\u021be\u0219te absorb\u021bia fosforului \u0219i dezvoltarea unor r\u0103d\u0103cini mai puternice<\/li>\n<li aria-level=\"1\">Asigur\u0103 germinarea uniform\u0103 \u0219i o pornire mai rapid\u0103 a plantelor<\/li>\n<li aria-level=\"1\">Cre\u0219te rezisten\u021ba plantelor la condi\u021biile stresante<\/li>\n<li aria-level=\"1\">\u00cen acela\u0219i timp, hr\u0103ne\u0219te microorganismele \u0219i \u00eembog\u0103\u021be\u0219te solul cu nutrien\u021bi.<\/li>\n<\/ul>\n\t\t<\/div>\n\t\t[\/vc_column_inner][vc_column_inner width=&#8221;1\/2&#8243;]\t\t<div id=\"wd-69046a25010c7\" class=\"wd-text-block wd-wpb reset-last-child wd-rs-69046a25010c7 text-left \">\n\t\t\t<h2>Recomandare pentru aplicare<\/h2>\n<ul>\n<li aria-level=\"1\"><b>Fructe \u0219i legume (prin depozitator \u00een f\u00e2\u0219ii):<\/b> 100\u2013200 kg\/ha<\/li>\n<li aria-level=\"1\"><b>Culturi de c\u00e2mp \u00een r\u00e2nduri:<\/b> 30\u201350 kg\/ha<\/li>\n<li aria-level=\"1\"><b>Culturi de c\u00e2mp pe \u00eentreaga suprafa\u021b\u0103:<\/b> 100\u2013200 kg\/ha<\/li>\n<li aria-level=\"1\"><b>Plantarea florilor (pe \u00eentreaga suprafa\u021b\u0103): 3\u20135 g\/m\u00b2<\/b><\/li>\n<\/ul>\n\t\t<\/div>\n\t\t[\/vc_column_inner][\/vc_row_inner][vc_row_inner gap=&#8221;10&#8243; woodmart_css_id=&#8221;68e75ba22abe8&#8243; responsive_spacing=&#8221;eyJwYXJhbV90eXBlIjoid29vZG1hcnRfcmVzcG9uc2l2ZV9zcGFjaW5nIiwic2VsZWN0b3JfaWQiOiI2OGU3NWJhMjJhYmU4Iiwic2hvcnRjb2RlIjoidmNfcm93X2lubmVyIiwiZGF0YSI6eyJ0YWJsZXQiOnt9LCJtb2JpbGUiOnt9fX0=&#8221; mobile_bg_img_hidden=&#8221;no&#8221; tablet_bg_img_hidden=&#8221;no&#8221; woodmart_parallax=&#8221;0&#8243; woodmart_gradient_switch=&#8221;no&#8221; woodmart_box_shadow=&#8221;no&#8221; wd_z_index=&#8221;no&#8221; woodmart_disable_overflow=&#8221;0&#8243; row_reverse_mobile=&#8221;0&#8243; row_reverse_tablet=&#8221;0&#8243; css=&#8221;.vc_custom_1759992744837{margin-top: 0px !important;margin-right: 0px !important;margin-bottom: 5px !important;margin-left: 0px !important;border-color: #6DAB3C !important;}&#8221; el_class=&#8221;nemaganamob&#8221;][vc_column_inner width=&#8221;3\/5&#8243; woodmart_css_id=&#8221;68e62564dccf1&#8243; parallax_scroll=&#8221;no&#8221; woodmart_sticky_column=&#8221;false&#8221; wd_collapsible_content_switcher=&#8221;no&#8221; wd_column_role_offcanvas_desktop=&#8221;no&#8221; wd_column_role_offcanvas_tablet=&#8221;no&#8221; wd_column_role_offcanvas_mobile=&#8221;no&#8221; wd_column_role_content_desktop=&#8221;no&#8221; wd_column_role_content_tablet=&#8221;no&#8221; wd_column_role_content_mobile=&#8221;no&#8221; mobile_bg_img_hidden=&#8221;no&#8221; tablet_bg_img_hidden=&#8221;no&#8221; woodmart_parallax=&#8221;0&#8243; woodmart_box_shadow=&#8221;no&#8221; responsive_spacing=&#8221;eyJwYXJhbV90eXBlIjoid29vZG1hcnRfcmVzcG9uc2l2ZV9zcGFjaW5nIiwic2VsZWN0b3JfaWQiOiI2OGU2MjU2NGRjY2YxIiwic2hvcnRjb2RlIjoidmNfY29sdW1uX2lubmVyIiwiZGF0YSI6eyJ0YWJsZXQiOnt9LCJtb2JpbGUiOnt9fX0=&#8221; wd_z_index=&#8221;no&#8221; css=&#8221;.vc_custom_1759913322515{padding-top: 0px !important;}&#8221;]\n\t\t<ul class=\" wd-rs-69045faf6d404 wd-list wd-wpb color-scheme- wd-fontsize-s wd-list-type-icon wd-list-style-default wd-justify-left pakovanjaiostalo \" id=\"wd-69045faf6d404\">\n\t\t\t\t\t\t\t\t\t\t\t<li>\n\t\t\t\t\t<span class=\"list-icon wd-icon fas fa-box-open\"><\/span>\n\t\t\t\t\t<span class=\"list-content\">10 kg<\/span>\n\t\t\t\t\t\t\t\t\t<\/li>\n\t\t\t\t\t<\/ul>\n\t\t[\/vc_column_inner][vc_column_inner width=&#8221;1\/5&#8243; css=&#8221;.vc_custom_1759913330475{padding-top: 0px !important;}&#8221; woodmart_css_id=&#8221;68e6256ebb7ad&#8221; parallax_scroll=&#8221;no&#8221; woodmart_sticky_column=&#8221;false&#8221; wd_collapsible_content_switcher=&#8221;no&#8221; wd_column_role_offcanvas_desktop=&#8221;no&#8221; wd_column_role_offcanvas_tablet=&#8221;no&#8221; wd_column_role_offcanvas_mobile=&#8221;no&#8221; wd_column_role_content_desktop=&#8221;no&#8221; wd_column_role_content_tablet=&#8221;no&#8221; wd_column_role_content_mobile=&#8221;no&#8221; mobile_bg_img_hidden=&#8221;no&#8221; tablet_bg_img_hidden=&#8221;no&#8221; woodmart_parallax=&#8221;0&#8243; woodmart_box_shadow=&#8221;no&#8221; responsive_spacing=&#8221;eyJwYXJhbV90eXBlIjoid29vZG1hcnRfcmVzcG9uc2l2ZV9zcGFjaW5nIiwic2VsZWN0b3JfaWQiOiI2OGU2MjU2ZWJiN2FkIiwic2hvcnRjb2RlIjoidmNfY29sdW1uX2lubmVyIiwiZGF0YSI6eyJ0YWJsZXQiOnt9LCJtb2JpbGUiOnt9fX0=&#8221; wd_z_index=&#8221;no&#8221;]\n\t\t<ul class=\" wd-rs-68e6283fb1fed wd-list wd-wpb color-scheme- wd-fontsize-s wd-list-type-icon wd-list-style-default wd-justify-right pakovanjaiostalo \" id=\"wd-68e6283fb1fed\">\n\t\t\t\t\t\t\t\t\t\t\t<li>\n\t\t\t\t\t<span class=\"list-icon wd-icon fas fa-file-image\"><\/span>\n\t\t\t\t\t<span class=\"list-content\">Eticheta<\/span>\n\t\t\t\t\t\t\t\t\t\t\t<a class=\"wd-fill\" href=\"https:\/\/fitofert.com\/wp-content\/uploads\/2025\/05\/Label-Aminomax-80-xxx.jpg\" title=\"\" target=\"_blank\" aria-label=\"List link\"><\/a>\n\t\t\t\t\t\t\t\t\t<\/li>\n\t\t\t\t\t<\/ul>\n\t\t[\/vc_column_inner][vc_column_inner width=&#8221;1\/5&#8243; css=&#8221;.vc_custom_1759914337694{padding-top: 0px !important;padding-bottom: 0px !important;}&#8221; woodmart_css_id=&#8221;68e6295dacce6&#8243; parallax_scroll=&#8221;no&#8221; woodmart_sticky_column=&#8221;false&#8221; wd_collapsible_content_switcher=&#8221;no&#8221; wd_column_role_offcanvas_desktop=&#8221;no&#8221; wd_column_role_offcanvas_tablet=&#8221;no&#8221; wd_column_role_offcanvas_mobile=&#8221;no&#8221; wd_column_role_content_desktop=&#8221;no&#8221; wd_column_role_content_tablet=&#8221;no&#8221; wd_column_role_content_mobile=&#8221;no&#8221; mobile_bg_img_hidden=&#8221;no&#8221; tablet_bg_img_hidden=&#8221;no&#8221; woodmart_parallax=&#8221;0&#8243; woodmart_box_shadow=&#8221;no&#8221; responsive_spacing=&#8221;eyJwYXJhbV90eXBlIjoid29vZG1hcnRfcmVzcG9uc2l2ZV9zcGFjaW5nIiwic2VsZWN0b3JfaWQiOiI2OGU2Mjk1ZGFjY2U2Iiwic2hvcnRjb2RlIjoidmNfY29sdW1uX2lubmVyIiwiZGF0YSI6eyJ0YWJsZXQiOnt9LCJtb2JpbGUiOnt9fX0=&#8221; wd_z_index=&#8221;no&#8221;]\n\t\t<ul class=\" wd-rs-68e62891e426c wd-list wd-wpb color-scheme- wd-fontsize-s wd-list-type-icon wd-list-style-default wd-justify-right pakovanjaiostalo \" id=\"wd-68e62891e426c\">\n\t\t\t\t\t\t\t\t\t\t\t<li>\n\t\t\t\t\t<span class=\"list-icon wd-icon fas fa-file-invoice\"><\/span>\n\t\t\t\t\t<span class=\"list-content\">MSDS<\/span>\n\t\t\t\t\t\t\t\t\t\t\t<a class=\"wd-fill\" href=\"https:\/\/fitofert.com\/wp-content\/uploads\/2022\/03\/BL-AMINO-MAX-80.pdf\" title=\"\" target=\"_blank\" aria-label=\"List link\"><\/a>\n\t\t\t\t\t\t\t\t\t<\/li>\n\t\t\t\t\t<\/ul>\n\t\t[\/vc_column_inner][\/vc_row_inner][\/vc_column][\/vc_row][\/vc_section]<\/p>\n<\/div>","protected":false},"excerpt":{"rendered":"<p>[vc_section woodmart_css_id=&#8221;697480f8d437d&#8221; responsive_spacing=&#8221;eyJwYXJhbV90eXBlIjoid29vZG1hcnRfcmVzcG9uc2l2ZV9zcGFjaW5nIiwic2VsZWN0b3JfaWQiOiI2OTc0ODBmOGQ0MzdkIiwic2hvcnRjb2RlIjoidmNfc2VjdGlvbiIsImRhdGEiOnsidGFibGV0Ijp7fSwibW9iaWxlIjp7fX19&#8243; mobile_bg_img_hidden=&#8221;no&#8221; tablet_bg_img_hidden=&#8221;no&#8221; woodmart_parallax=&#8221;0&#8243; woodmart_gradient_switch=&#8221;no&#8221; woodmart_box_shadow=&#8221;no&#8221; wd_z_index=&#8221;no&#8221; woodmart_disable_overflow=&#8221;0&#8243; css=&#8221;.vc_custom_1769242885065{margin-top: -40px !important;margin-bottom: -80px !important;padding-top: 20px !important;padding-bottom: 60px !important;background-position: center<\/p>\n","protected":false},"featured_media":8010,"comment_status":"closed","ping_status":"closed","template":"","meta":[],"product_brand":[],"product_cat":[90],"product_tag":[],"class_list":{"0":"post-11874","1":"product","2":"type-product","3":"status-publish","4":"has-post-thumbnail","6":"product_cat-ingrasaminte-microbiologice","8":"first","9":"instock","10":"shipping-taxable","11":"product-type-simple"},"_links":{"self":[{"href":"https:\/\/fitofert.com\/ro\/wp-json\/wp\/v2\/product\/11874","targetHints":{"allow":["GET"]}}],"collection":[{"href":"https:\/\/fitofert.com\/ro\/wp-json\/wp\/v2\/product"}],"about":[{"href":"https:\/\/fitofert.com\/ro\/wp-json\/wp\/v2\/types\/product"}],"replies":[{"embeddable":true,"href":"https:\/\/fitofert.com\/ro\/wp-json\/wp\/v2\/comments?post=11874"}],"wp:featuredmedia":[{"embeddable":true,"href":"https:\/\/fitofert.com\/ro\/wp-json\/wp\/v2\/media\/8010"}],"wp:attachment":[{"href":"https:\/\/fitofert.com\/ro\/wp-json\/wp\/v2\/media?parent=11874"}],"wp:term":[{"taxonomy":"product_brand","embeddable":true,"href":"https:\/\/fitofert.com\/ro\/wp-json\/wp\/v2\/product_brand?post=11874"},{"taxonomy":"product_cat","embeddable":true,"href":"https:\/\/fitofert.com\/ro\/wp-json\/wp\/v2\/product_cat?post=11874"},{"taxonomy":"product_tag","embeddable":true,"href":"https:\/\/fitofert.com\/ro\/wp-json\/wp\/v2\/product_tag?post=11874"}],"curies":[{"name":"wp","href":"https:\/\/api.w.org\/{rel}","templated":true}]}}