{"id":11926,"date":"2026-03-04T20:52:16","date_gmt":"2026-03-04T18:52:16","guid":{"rendered":"https:\/\/fitofert.com\/proizvod\/bormax-20\/"},"modified":"2026-03-04T20:52:21","modified_gmt":"2026-03-04T18:52:21","slug":"bormax-20","status":"publish","type":"product","link":"https:\/\/fitofert.com\/hu\/proizvod\/bormax-20\/","title":{"rendered":"BORMAX 20"},"content":{"rendered":"<div class=\"wpb-content-wrapper\"><p>[vc_section woodmart_css_id=&#8221;697477a76dbd2&#8243; responsive_spacing=&#8221;eyJwYXJhbV90eXBlIjoid29vZG1hcnRfcmVzcG9uc2l2ZV9zcGFjaW5nIiwic2VsZWN0b3JfaWQiOiI2OTc0NzdhNzZkYmQyIiwic2hvcnRjb2RlIjoidmNfc2VjdGlvbiIsImRhdGEiOnsidGFibGV0Ijp7fSwibW9iaWxlIjp7fX19&#8243; mobile_bg_img_hidden=&#8221;no&#8221; tablet_bg_img_hidden=&#8221;no&#8221; woodmart_parallax=&#8221;0&#8243; woodmart_gradient_switch=&#8221;no&#8221; woodmart_box_shadow=&#8221;no&#8221; wd_z_index=&#8221;no&#8221; woodmart_disable_overflow=&#8221;0&#8243; css=&#8221;.vc_custom_1769240499334{margin-top: -40px !important;margin-bottom: -80px !important;padding-top: 20px !important;padding-bottom: 60px !important;background-position: center !important;background-repeat: no-repeat !important;background-size: cover !important;}&#8221;][vc_row css=&#8221;.vc_custom_1769240506021{margin-top: -40px !important;margin-bottom: -60px !important;padding-bottom: 100px !important;background-position: center !important;background-repeat: no-repeat !important;background-size: cover !important;}&#8221; woodmart_css_id=&#8221;697477ae1c33b&#8221; responsive_spacing=&#8221;eyJwYXJhbV90eXBlIjoid29vZG1hcnRfcmVzcG9uc2l2ZV9zcGFjaW5nIiwic2VsZWN0b3JfaWQiOiI2OTc0NzdhZTFjMzNiIiwic2hvcnRjb2RlIjoidmNfcm93IiwiZGF0YSI6eyJ0YWJsZXQiOnt9LCJtb2JpbGUiOnt9fX0=&#8221; mobile_bg_img_hidden=&#8221;yes&#8221; tablet_bg_img_hidden=&#8221;no&#8221; woodmart_parallax=&#8221;0&#8243; woodmart_gradient_switch=&#8221;no&#8221; woodmart_box_shadow=&#8221;no&#8221; wd_z_index=&#8221;no&#8221; woodmart_disable_overflow=&#8221;0&#8243; row_reverse_mobile=&#8221;0&#8243; row_reverse_tablet=&#8221;0&#8243; el_class=&#8221;proizvod&#8221;][vc_column]\t\t<div id=\"wd-68ef5574c4586\" class=\"wd-text-block wd-wpb reset-last-child wd-rs-68ef5574c4586 text-left vc_custom_1760515453595\">\n\t\t\t<p><b>B\u00f3r (B)<\/b> alap\u00fa v\u00edzben old\u00f3d\u00f3 pork\u00e9sz\u00edtm\u00e9ny, amely <b>20% b\u00f3rt<\/b> tartalmaz k\u00f6nnyen felsz\u00edv\u00f3d\u00f3 <b>bor\u00e1tanion<\/b> (din\u00e1trium-oktabor\u00e1t-tetrahidr\u00e1t) form\u00e1j\u00e1ban. \u00d6sszet\u00e9tel\u00e9nek k\u00f6sz\u00f6nhet\u0151en gyorsan p\u00f3tolja a n\u00f6v\u00e9nyek b\u00f3rhi\u00e1ny\u00e1t, \u00e9s biztos\u00edtja a vir\u00e1gz\u00e1s, a megterm\u00e9keny\u00fcl\u00e9s \u00e9s a term\u00e9sk\u00e9pz\u0151d\u00e9s folyamat\u00e1nak megfelel\u0151 fejl\u0151d\u00e9s\u00e9t. <\/p>\n<p>A k\u00e9sz\u00edtm\u00e9ny els\u0151sorban lombtr\u00e1gy\u00e1z\u00e1sra szolg\u00e1l, ahol nagy hat\u00e9konys\u00e1got \u00e9s stabil hat\u00e1st mutat. Alkalmaz\u00e1sa hozz\u00e1j\u00e1rul a jobb tr\u00e1gy\u00e1z\u00e1shoz, term\u00e9sk\u00f6t\u00e9shez \u00e9s a b\u00f3rhi\u00e1ny okozta fiziol\u00f3giai rendelleness\u00e9gek cs\u00f6kkent\u00e9s\u00e9hez, amelyek k\u00f6zvetlen\u00fcl befoly\u00e1solj\u00e1k a term\u00e9shozamot \u00e9s a term\u00e9smin\u0151s\u00e9get. <\/p>\n<p>B-tartalom a term\u00e9kben: 200 g\/kg<\/p>\n\t\t<\/div>\n\t\t[vc_row_inner gap=&#8221;10&#8243; woodmart_css_id=&#8221;68ef54a1f05a0&#8243; responsive_spacing=&#8221;eyJwYXJhbV90eXBlIjoid29vZG1hcnRfcmVzcG9uc2l2ZV9zcGFjaW5nIiwic2VsZWN0b3JfaWQiOiI2OGVmNTRhMWYwNWEwIiwic2hvcnRjb2RlIjoidmNfcm93X2lubmVyIiwiZGF0YSI6eyJ0YWJsZXQiOnt9LCJtb2JpbGUiOnt9fX0=&#8221; mobile_bg_img_hidden=&#8221;no&#8221; tablet_bg_img_hidden=&#8221;no&#8221; woodmart_parallax=&#8221;0&#8243; woodmart_gradient_switch=&#8221;no&#8221; woodmart_box_shadow=&#8221;no&#8221; wd_z_index=&#8221;no&#8221; woodmart_disable_overflow=&#8221;0&#8243; row_reverse_mobile=&#8221;0&#8243; row_reverse_tablet=&#8221;0&#8243; css=&#8221;.vc_custom_1760515237815{margin-top: 0px !important;margin-right: 0px !important;margin-left: 0px !important;padding-top: 0px !important;border-color: #6DAB3C !important;}&#8221;][vc_column_inner width=&#8221;1\/2&#8243; woodmart_css_id=&#8221;68ee06944a7a2&#8243; parallax_scroll=&#8221;no&#8221; woodmart_sticky_column=&#8221;false&#8221; wd_collapsible_content_switcher=&#8221;no&#8221; wd_column_role_offcanvas_desktop=&#8221;no&#8221; wd_column_role_offcanvas_tablet=&#8221;no&#8221; wd_column_role_offcanvas_mobile=&#8221;no&#8221; wd_column_role_content_desktop=&#8221;no&#8221; wd_column_role_content_tablet=&#8221;no&#8221; wd_column_role_content_mobile=&#8221;no&#8221; mobile_bg_img_hidden=&#8221;no&#8221; tablet_bg_img_hidden=&#8221;no&#8221; woodmart_parallax=&#8221;0&#8243; woodmart_box_shadow=&#8221;no&#8221; responsive_spacing=&#8221;eyJwYXJhbV90eXBlIjoid29vZG1hcnRfcmVzcG9uc2l2ZV9zcGFjaW5nIiwic2VsZWN0b3JfaWQiOiI2OGVlMDY5NDRhN2EyIiwic2hvcnRjb2RlIjoidmNfY29sdW1uX2lubmVyIiwiZGF0YSI6eyJ0YWJsZXQiOnt9LCJtb2JpbGUiOnt9fX0=&#8221; wd_z_index=&#8221;no&#8221;]\t\t<div id=\"wd-68ef5580616d5\" class=\"wd-text-block wd-wpb reset-last-child wd-rs-68ef5580616d5 text-left \">\n\t\t\t<h2>F\u0151bb el\u0151ny\u00f6k<\/h2>\n<ul>\n<li aria-level=\"1\">Magas b\u00f3rtartalom k\u00f6nnyen em\u00e9szthet\u0151 form\u00e1ban<\/li>\n<li aria-level=\"1\">Gyorsan \u00e9s hat\u00e9konyan megsz\u00fcnteti a hi\u00e1ny t\u00fcneteit<\/li>\n<li aria-level=\"1\">Jav\u00edtja a vir\u00e1gz\u00e1st, a term\u00e9keny\u00fcl\u00e9st \u00e9s a term\u00e9sk\u00f6t\u00e9st<\/li>\n<li aria-level=\"1\">K\u00fcl\u00f6nb\u00f6z\u0151 n\u00f6v\u00e9nyek lombtr\u00e1gy\u00e1z\u00e1s\u00e1ra alkalmas<\/li>\n<li aria-level=\"1\">Hozz\u00e1j\u00e1rul a stabilabb hozamokhoz \u00e9s a jobb term\u00e9smin\u0151s\u00e9ghez<\/li>\n<\/ul>\n\t\t<\/div>\n\t\t[\/vc_column_inner][vc_column_inner width=&#8221;1\/2&#8243;]\t\t<div id=\"wd-68ef550f0ef4b\" class=\"wd-text-block wd-wpb reset-last-child wd-rs-68ef550f0ef4b text-left \">\n\t\t\t<h2>Alkalmaz\u00e1si javaslat<\/h2>\n<ul>\n<li><b>Lombtr\u00e1gy\u00e1z\u00e1s:<\/b> 1\u20132 l\/ha<\/li>\n<\/ul>\n\t\t<\/div>\n\t\t[\/vc_column_inner][\/vc_row_inner][vc_row_inner gap=&#8221;10&#8243; woodmart_css_id=&#8221;68ee0cbe47307&#8243; responsive_spacing=&#8221;eyJwYXJhbV90eXBlIjoid29vZG1hcnRfcmVzcG9uc2l2ZV9zcGFjaW5nIiwic2VsZWN0b3JfaWQiOiI2OGVlMGNiZTQ3MzA3Iiwic2hvcnRjb2RlIjoidmNfcm93X2lubmVyIiwiZGF0YSI6eyJ0YWJsZXQiOnt9LCJtb2JpbGUiOnt9fX0=&#8221; mobile_bg_img_hidden=&#8221;no&#8221; tablet_bg_img_hidden=&#8221;no&#8221; woodmart_parallax=&#8221;0&#8243; woodmart_gradient_switch=&#8221;no&#8221; woodmart_box_shadow=&#8221;no&#8221; wd_z_index=&#8221;no&#8221; woodmart_disable_overflow=&#8221;0&#8243; row_reverse_mobile=&#8221;0&#8243; row_reverse_tablet=&#8221;0&#8243; css=&#8221;.vc_custom_1760431298027{margin-top: 0px !important;margin-right: 0px !important;margin-bottom: 5px !important;margin-left: 0px !important;border-color: #6DAB3C !important;}&#8221;][vc_column_inner width=&#8221;2\/3&#8243; woodmart_css_id=&#8221;68e62564dccf1&#8243; parallax_scroll=&#8221;no&#8221; woodmart_sticky_column=&#8221;false&#8221; wd_collapsible_content_switcher=&#8221;no&#8221; wd_column_role_offcanvas_desktop=&#8221;no&#8221; wd_column_role_offcanvas_tablet=&#8221;no&#8221; wd_column_role_offcanvas_mobile=&#8221;no&#8221; wd_column_role_content_desktop=&#8221;no&#8221; wd_column_role_content_tablet=&#8221;no&#8221; wd_column_role_content_mobile=&#8221;no&#8221; mobile_bg_img_hidden=&#8221;no&#8221; tablet_bg_img_hidden=&#8221;no&#8221; woodmart_parallax=&#8221;0&#8243; woodmart_box_shadow=&#8221;no&#8221; responsive_spacing=&#8221;eyJwYXJhbV90eXBlIjoid29vZG1hcnRfcmVzcG9uc2l2ZV9zcGFjaW5nIiwic2VsZWN0b3JfaWQiOiI2OGU2MjU2NGRjY2YxIiwic2hvcnRjb2RlIjoidmNfY29sdW1uX2lubmVyIiwiZGF0YSI6eyJ0YWJsZXQiOnt9LCJtb2JpbGUiOnt9fX0=&#8221; wd_z_index=&#8221;no&#8221; css=&#8221;.vc_custom_1759913322515{padding-top: 0px !important;}&#8221;]\t\t<div id=\"wd-68ef559ae7747\" class=\"wd-text-block wd-wpb reset-last-child wd-rs-68ef559ae7747 text-left  sadrzajproizvoda\">\n\t\t\t<ul>\n<li>B\u00f3r (B): 20%<\/li>\n<\/ul>\n\t\t<\/div>\n\t\t[\/vc_column_inner][vc_column_inner width=&#8221;1\/3&#8243; css=&#8221;.vc_custom_1759913330475{padding-top: 0px !important;}&#8221; woodmart_css_id=&#8221;68e6256ebb7ad&#8221; parallax_scroll=&#8221;no&#8221; woodmart_sticky_column=&#8221;false&#8221; wd_collapsible_content_switcher=&#8221;no&#8221; wd_column_role_offcanvas_desktop=&#8221;no&#8221; wd_column_role_offcanvas_tablet=&#8221;no&#8221; wd_column_role_offcanvas_mobile=&#8221;no&#8221; wd_column_role_content_desktop=&#8221;no&#8221; wd_column_role_content_tablet=&#8221;no&#8221; wd_column_role_content_mobile=&#8221;no&#8221; mobile_bg_img_hidden=&#8221;no&#8221; tablet_bg_img_hidden=&#8221;no&#8221; woodmart_parallax=&#8221;0&#8243; woodmart_box_shadow=&#8221;no&#8221; responsive_spacing=&#8221;eyJwYXJhbV90eXBlIjoid29vZG1hcnRfcmVzcG9uc2l2ZV9zcGFjaW5nIiwic2VsZWN0b3JfaWQiOiI2OGU2MjU2ZWJiN2FkIiwic2hvcnRjb2RlIjoidmNfY29sdW1uX2lubmVyIiwiZGF0YSI6eyJ0YWJsZXQiOnt9LCJtb2JpbGUiOnt9fX0=&#8221; wd_z_index=&#8221;no&#8221;]\t\t<div id=\"wd-68ef55a71430a\" class=\"wd-text-block wd-wpb reset-last-child wd-rs-68ef55a71430a text-left  sadrzajproizvodadesni\">\n\t\t\t<ul>\n<li aria-level=\"1\">pH (0,1%-os oldat): 8,5<\/li>\n<li aria-level=\"1\">EC (0,1%-os oldat): 0,3<\/li>\n<\/ul>\n\t\t<\/div>\n\t\t[\/vc_column_inner][\/vc_row_inner][vc_row_inner gap=&#8221;10&#8243; woodmart_css_id=&#8221;68e75ba22abe8&#8243; responsive_spacing=&#8221;eyJwYXJhbV90eXBlIjoid29vZG1hcnRfcmVzcG9uc2l2ZV9zcGFjaW5nIiwic2VsZWN0b3JfaWQiOiI2OGU3NWJhMjJhYmU4Iiwic2hvcnRjb2RlIjoidmNfcm93X2lubmVyIiwiZGF0YSI6eyJ0YWJsZXQiOnt9LCJtb2JpbGUiOnt9fX0=&#8221; mobile_bg_img_hidden=&#8221;no&#8221; tablet_bg_img_hidden=&#8221;no&#8221; woodmart_parallax=&#8221;0&#8243; woodmart_gradient_switch=&#8221;no&#8221; woodmart_box_shadow=&#8221;no&#8221; wd_z_index=&#8221;no&#8221; woodmart_disable_overflow=&#8221;0&#8243; row_reverse_mobile=&#8221;0&#8243; row_reverse_tablet=&#8221;0&#8243; css=&#8221;.vc_custom_1759992744837{margin-top: 0px !important;margin-right: 0px !important;margin-bottom: 5px !important;margin-left: 0px !important;border-color: #6DAB3C !important;}&#8221; el_class=&#8221;nemaganamob&#8221;][vc_column_inner width=&#8221;3\/5&#8243; woodmart_css_id=&#8221;68e62564dccf1&#8243; parallax_scroll=&#8221;no&#8221; woodmart_sticky_column=&#8221;false&#8221; wd_collapsible_content_switcher=&#8221;no&#8221; wd_column_role_offcanvas_desktop=&#8221;no&#8221; wd_column_role_offcanvas_tablet=&#8221;no&#8221; wd_column_role_offcanvas_mobile=&#8221;no&#8221; wd_column_role_content_desktop=&#8221;no&#8221; wd_column_role_content_tablet=&#8221;no&#8221; wd_column_role_content_mobile=&#8221;no&#8221; mobile_bg_img_hidden=&#8221;no&#8221; tablet_bg_img_hidden=&#8221;no&#8221; woodmart_parallax=&#8221;0&#8243; woodmart_box_shadow=&#8221;no&#8221; responsive_spacing=&#8221;eyJwYXJhbV90eXBlIjoid29vZG1hcnRfcmVzcG9uc2l2ZV9zcGFjaW5nIiwic2VsZWN0b3JfaWQiOiI2OGU2MjU2NGRjY2YxIiwic2hvcnRjb2RlIjoidmNfY29sdW1uX2lubmVyIiwiZGF0YSI6eyJ0YWJsZXQiOnt9LCJtb2JpbGUiOnt9fX0=&#8221; wd_z_index=&#8221;no&#8221; css=&#8221;.vc_custom_1759913322515{padding-top: 0px !important;}&#8221;]\n\t\t<ul class=\" wd-rs-6929479f58298 wd-list wd-wpb color-scheme- wd-fontsize-s wd-list-type-icon wd-list-style-default wd-justify-left pakovanjaiostalo \" id=\"wd-6929479f58298\">\n\t\t\t\t\t\t\t\t\t\t\t<li>\n\t\t\t\t\t<span class=\"list-icon wd-icon fas fa-box-open\"><\/span>\n\t\t\t\t\t<span class=\"list-content\">200 g | 1 kg | 5 kg<\/span>\n\t\t\t\t\t\t\t\t\t<\/li>\n\t\t\t\t\t<\/ul>\n\t\t[\/vc_column_inner][vc_column_inner width=&#8221;1\/5&#8243; css=&#8221;.vc_custom_1759913330475{padding-top: 0px !important;}&#8221; woodmart_css_id=&#8221;68e6256ebb7ad&#8221; parallax_scroll=&#8221;no&#8221; woodmart_sticky_column=&#8221;false&#8221; wd_collapsible_content_switcher=&#8221;no&#8221; wd_column_role_offcanvas_desktop=&#8221;no&#8221; wd_column_role_offcanvas_tablet=&#8221;no&#8221; wd_column_role_offcanvas_mobile=&#8221;no&#8221; wd_column_role_content_desktop=&#8221;no&#8221; wd_column_role_content_tablet=&#8221;no&#8221; wd_column_role_content_mobile=&#8221;no&#8221; mobile_bg_img_hidden=&#8221;no&#8221; tablet_bg_img_hidden=&#8221;no&#8221; woodmart_parallax=&#8221;0&#8243; woodmart_box_shadow=&#8221;no&#8221; responsive_spacing=&#8221;eyJwYXJhbV90eXBlIjoid29vZG1hcnRfcmVzcG9uc2l2ZV9zcGFjaW5nIiwic2VsZWN0b3JfaWQiOiI2OGU2MjU2ZWJiN2FkIiwic2hvcnRjb2RlIjoidmNfY29sdW1uX2lubmVyIiwiZGF0YSI6eyJ0YWJsZXQiOnt9LCJtb2JpbGUiOnt9fX0=&#8221; wd_z_index=&#8221;no&#8221;]\n\t\t<ul class=\" wd-rs-68e6283fb1fed wd-list wd-wpb color-scheme- wd-fontsize-s wd-list-type-icon wd-list-style-default wd-justify-right pakovanjaiostalo \" id=\"wd-68e6283fb1fed\">\n\t\t\t\t\t\t\t\t\t\t\t<li>\n\t\t\t\t\t<span class=\"list-icon wd-icon fas fa-file-image\"><\/span>\n\t\t\t\t\t<span class=\"list-content\">C\u00edmke<\/span>\n\t\t\t\t\t\t\t\t\t\t\t<a class=\"wd-fill\" href=\"https:\/\/fitofert.com\/wp-content\/uploads\/2025\/05\/Label-Aminomax-80-xxx.jpg\" title=\"\" target=\"_blank\" aria-label=\"List link\"><\/a>\n\t\t\t\t\t\t\t\t\t<\/li>\n\t\t\t\t\t<\/ul>\n\t\t[\/vc_column_inner][vc_column_inner width=&#8221;1\/5&#8243; css=&#8221;.vc_custom_1759914337694{padding-top: 0px !important;padding-bottom: 0px !important;}&#8221; woodmart_css_id=&#8221;68e6295dacce6&#8243; parallax_scroll=&#8221;no&#8221; woodmart_sticky_column=&#8221;false&#8221; wd_collapsible_content_switcher=&#8221;no&#8221; wd_column_role_offcanvas_desktop=&#8221;no&#8221; wd_column_role_offcanvas_tablet=&#8221;no&#8221; wd_column_role_offcanvas_mobile=&#8221;no&#8221; wd_column_role_content_desktop=&#8221;no&#8221; wd_column_role_content_tablet=&#8221;no&#8221; wd_column_role_content_mobile=&#8221;no&#8221; mobile_bg_img_hidden=&#8221;no&#8221; tablet_bg_img_hidden=&#8221;no&#8221; woodmart_parallax=&#8221;0&#8243; woodmart_box_shadow=&#8221;no&#8221; responsive_spacing=&#8221;eyJwYXJhbV90eXBlIjoid29vZG1hcnRfcmVzcG9uc2l2ZV9zcGFjaW5nIiwic2VsZWN0b3JfaWQiOiI2OGU2Mjk1ZGFjY2U2Iiwic2hvcnRjb2RlIjoidmNfY29sdW1uX2lubmVyIiwiZGF0YSI6eyJ0YWJsZXQiOnt9LCJtb2JpbGUiOnt9fX0=&#8221; wd_z_index=&#8221;no&#8221;]\n\t\t<ul class=\" wd-rs-692947bed7787 wd-list wd-wpb color-scheme- wd-fontsize-s wd-list-type-icon wd-list-style-default wd-justify-right pakovanjaiostalo \" id=\"wd-692947bed7787\">\n\t\t\t\t\t\t\t\t\t\t\t<li>\n\t\t\t\t\t<span class=\"list-icon wd-icon fas fa-file-invoice\"><\/span>\n\t\t\t\t\t<span class=\"list-content\">Biztons\u00e1gi adatlap<\/span>\n\t\t\t\t\t\t\t\t\t\t\t<a class=\"wd-fill\" href=\"https:\/\/fitofert.com\/wp-content\/uploads\/2025\/11\/FF-Bormax-20-msds-10-07-2025.pdf\" title=\"\" target=\"_blank\" aria-label=\"List link\"><\/a>\n\t\t\t\t\t\t\t\t\t<\/li>\n\t\t\t\t\t<\/ul>\n\t\t[\/vc_column_inner][\/vc_row_inner][\/vc_column][\/vc_row][\/vc_section]<\/p>\n<\/div>","protected":false},"excerpt":{"rendered":"<p>[vc_section woodmart_css_id=&#8221;697477a76dbd2&#8243; responsive_spacing=&#8221;eyJwYXJhbV90eXBlIjoid29vZG1hcnRfcmVzcG9uc2l2ZV9zcGFjaW5nIiwic2VsZWN0b3JfaWQiOiI2OTc0NzdhNzZkYmQyIiwic2hvcnRjb2RlIjoidmNfc2VjdGlvbiIsImRhdGEiOnsidGFibGV0Ijp7fSwibW9iaWxlIjp7fX19&#8243; mobile_bg_img_hidden=&#8221;no&#8221; tablet_bg_img_hidden=&#8221;no&#8221; woodmart_parallax=&#8221;0&#8243; woodmart_gradient_switch=&#8221;no&#8221; woodmart_box_shadow=&#8221;no&#8221; wd_z_index=&#8221;no&#8221; woodmart_disable_overflow=&#8221;0&#8243; css=&#8221;.vc_custom_1769240499334{margin-top: -40px !important;margin-bottom: -80px !important;padding-top: 20px !important;padding-bottom: 60px !important;background-position: center<\/p>\n","protected":false},"featured_media":7847,"comment_status":"closed","ping_status":"closed","template":"","meta":[],"product_brand":[],"product_cat":[106],"product_tag":[],"class_list":{"0":"post-11926","1":"product","2":"type-product","3":"status-publish","4":"has-post-thumbnail","6":"product_cat-mikroelemes-mutragyak","8":"first","9":"instock","10":"shipping-taxable","11":"product-type-simple"},"_links":{"self":[{"href":"https:\/\/fitofert.com\/hu\/wp-json\/wp\/v2\/product\/11926","targetHints":{"allow":["GET"]}}],"collection":[{"href":"https:\/\/fitofert.com\/hu\/wp-json\/wp\/v2\/product"}],"about":[{"href":"https:\/\/fitofert.com\/hu\/wp-json\/wp\/v2\/types\/product"}],"replies":[{"embeddable":true,"href":"https:\/\/fitofert.com\/hu\/wp-json\/wp\/v2\/comments?post=11926"}],"wp:featuredmedia":[{"embeddable":true,"href":"https:\/\/fitofert.com\/hu\/wp-json\/wp\/v2\/media\/7847"}],"wp:attachment":[{"href":"https:\/\/fitofert.com\/hu\/wp-json\/wp\/v2\/media?parent=11926"}],"wp:term":[{"taxonomy":"product_brand","embeddable":true,"href":"https:\/\/fitofert.com\/hu\/wp-json\/wp\/v2\/product_brand?post=11926"},{"taxonomy":"product_cat","embeddable":true,"href":"https:\/\/fitofert.com\/hu\/wp-json\/wp\/v2\/product_cat?post=11926"},{"taxonomy":"product_tag","embeddable":true,"href":"https:\/\/fitofert.com\/hu\/wp-json\/wp\/v2\/product_tag?post=11926"}],"curies":[{"name":"wp","href":"https:\/\/api.w.org\/{rel}","templated":true}]}}