{"id":11815,"date":"2026-03-04T20:47:08","date_gmt":"2026-03-04T18:47:08","guid":{"rendered":"https:\/\/fitofert.com\/proizvod\/optimus-17-7-274caome\/"},"modified":"2026-03-04T20:47:10","modified_gmt":"2026-03-04T18:47:10","slug":"optimus-17-7-274caome","status":"publish","type":"product","link":"https:\/\/fitofert.com\/hu\/proizvod\/optimus-17-7-274caome\/","title":{"rendered":"OPTIMUS 17-7-27+4CaO+ME"},"content":{"rendered":"<div class=\"wpb-content-wrapper\"><p>[vc_section woodmart_css_id=&#8221;69747df0b1cae&#8221; responsive_spacing=&#8221;eyJwYXJhbV90eXBlIjoid29vZG1hcnRfcmVzcG9uc2l2ZV9zcGFjaW5nIiwic2VsZWN0b3JfaWQiOiI2OTc0N2RmMGIxY2FlIiwic2hvcnRjb2RlIjoidmNfc2VjdGlvbiIsImRhdGEiOnsidGFibGV0Ijp7fSwibW9iaWxlIjp7fX19&#8243; mobile_bg_img_hidden=&#8221;no&#8221; tablet_bg_img_hidden=&#8221;no&#8221; woodmart_parallax=&#8221;0&#8243; woodmart_gradient_switch=&#8221;no&#8221; woodmart_box_shadow=&#8221;no&#8221; wd_z_index=&#8221;no&#8221; woodmart_disable_overflow=&#8221;0&#8243; css=&#8221;.vc_custom_1769242108607{margin-top: -40px !important;margin-bottom: -80px !important;padding-top: 20px !important;padding-bottom: 60px !important;background-position: center !important;background-repeat: no-repeat !important;background-size: cover !important;}&#8221;][vc_row css=&#8221;.vc_custom_1769242115607{margin-top: -40px !important;margin-bottom: -60px !important;padding-bottom: 100px !important;background-position: center !important;background-repeat: no-repeat !important;background-size: cover !important;}&#8221; woodmart_css_id=&#8221;69747df7800a6&#8243; responsive_spacing=&#8221;eyJwYXJhbV90eXBlIjoid29vZG1hcnRfcmVzcG9uc2l2ZV9zcGFjaW5nIiwic2VsZWN0b3JfaWQiOiI2OTc0N2RmNzgwMGE2Iiwic2hvcnRjb2RlIjoidmNfcm93IiwiZGF0YSI6eyJ0YWJsZXQiOnt9LCJtb2JpbGUiOnt9fX0=&#8221; mobile_bg_img_hidden=&#8221;yes&#8221; tablet_bg_img_hidden=&#8221;no&#8221; woodmart_parallax=&#8221;0&#8243; woodmart_gradient_switch=&#8221;no&#8221; woodmart_box_shadow=&#8221;no&#8221; wd_z_index=&#8221;no&#8221; woodmart_disable_overflow=&#8221;0&#8243; row_reverse_mobile=&#8221;0&#8243; row_reverse_tablet=&#8221;0&#8243; el_class=&#8221;proizvod&#8221;][vc_column]\t\t<div id=\"wd-690462a48cf3d\" class=\"wd-text-block wd-wpb reset-last-child wd-rs-690462a48cf3d text-left vc_custom_1761895087144\">\n\t\t\t<p>Krist\u00e1lyos NPK m\u0171tr\u00e1gya <b>az ENERGY term\u00e9kcsal\u00e1db\u00f3l<\/b> , <b>kiegyens\u00falyozott nitrog\u00e9n- \u00e9s k\u00e1liumar\u00e1nnyal<\/b> , valamint cs\u00f6kkentett foszfortartalommal. Sz\u00e9les k\u00f6r\u0171 alkalmaz\u00e1sra sz\u00e1nt\u00e1k, mivel egyform\u00e1n j\u00f3 hat\u00e1ssal van <b>a vegetat\u00edv n\u00f6veked\u00e9sre, a term\u00e9sk\u00e9pz\u0151d\u00e9sre \u00e9s -tel\u00edt\u0151d\u00e9sre<\/b> , \u00edgy a n\u00f6v\u00e9nyfejl\u0151d\u00e9s k\u00fcl\u00f6nb\u00f6z\u0151 fenof\u00e1zisaiban alkalmazhat\u00f3. <\/p>\n<p>A k\u00e9sz\u00edtm\u00e9ny k\u00fcl\u00f6n\u00f6sen alkalmas kev\u00e9sb\u00e9 fejlett vegetat\u00edv t\u00f6meg\u0171 \u00e9s stresszes k\u00f6r\u00fclm\u00e9nyek k\u00f6z\u00f6tt termesztett n\u00f6v\u00e9nyek sz\u00e1m\u00e1ra, mivel gyorsan \u00e9s hat\u00e9konyan t\u00e1mogatja a n\u00f6v\u00e9nyek n\u00f6veked\u00e9s\u00e9t \u00e9s meg\u00fajul\u00e1s\u00e1t. A kalcium hozz\u00e1ad\u00e1sa n\u00f6veli az ellen\u00e1ll\u00f3 k\u00e9pess\u00e9get \u00e9s hozz\u00e1j\u00e1rul a min\u0151s\u00e9gi gy\u00fcm\u00f6lcs\u00f6k kialakul\u00e1s\u00e1hoz, m\u00edg a kel\u00e1tk\u00f6t\u00e9s\u0171 mikroelemek kiegyens\u00falyozott \u00e9s teljes \u00e9rt\u00e9k\u0171 t\u00e1panyagell\u00e1t\u00e1st biztos\u00edtanak.<\/p>\n\t\t<\/div>\n\t\t[vc_row_inner gap=&#8221;10&#8243; woodmart_css_id=&#8221;68ef54a1f05a0&#8243; responsive_spacing=&#8221;eyJwYXJhbV90eXBlIjoid29vZG1hcnRfcmVzcG9uc2l2ZV9zcGFjaW5nIiwic2VsZWN0b3JfaWQiOiI2OGVmNTRhMWYwNWEwIiwic2hvcnRjb2RlIjoidmNfcm93X2lubmVyIiwiZGF0YSI6eyJ0YWJsZXQiOnt9LCJtb2JpbGUiOnt9fX0=&#8221; mobile_bg_img_hidden=&#8221;no&#8221; tablet_bg_img_hidden=&#8221;no&#8221; woodmart_parallax=&#8221;0&#8243; woodmart_gradient_switch=&#8221;no&#8221; woodmart_box_shadow=&#8221;no&#8221; wd_z_index=&#8221;no&#8221; woodmart_disable_overflow=&#8221;0&#8243; row_reverse_mobile=&#8221;0&#8243; row_reverse_tablet=&#8221;0&#8243; css=&#8221;.vc_custom_1760515237815{margin-top: 0px !important;margin-right: 0px !important;margin-left: 0px !important;padding-top: 0px !important;border-color: #6DAB3C !important;}&#8221;][vc_column_inner width=&#8221;1\/2&#8243; woodmart_css_id=&#8221;68ee06944a7a2&#8243; parallax_scroll=&#8221;no&#8221; woodmart_sticky_column=&#8221;false&#8221; wd_collapsible_content_switcher=&#8221;no&#8221; wd_column_role_offcanvas_desktop=&#8221;no&#8221; wd_column_role_offcanvas_tablet=&#8221;no&#8221; wd_column_role_offcanvas_mobile=&#8221;no&#8221; wd_column_role_content_desktop=&#8221;no&#8221; wd_column_role_content_tablet=&#8221;no&#8221; wd_column_role_content_mobile=&#8221;no&#8221; mobile_bg_img_hidden=&#8221;no&#8221; tablet_bg_img_hidden=&#8221;no&#8221; woodmart_parallax=&#8221;0&#8243; woodmart_box_shadow=&#8221;no&#8221; responsive_spacing=&#8221;eyJwYXJhbV90eXBlIjoid29vZG1hcnRfcmVzcG9uc2l2ZV9zcGFjaW5nIiwic2VsZWN0b3JfaWQiOiI2OGVlMDY5NDRhN2EyIiwic2hvcnRjb2RlIjoidmNfY29sdW1uX2lubmVyIiwiZGF0YSI6eyJ0YWJsZXQiOnt9LCJtb2JpbGUiOnt9fX0=&#8221; wd_z_index=&#8221;no&#8221;]\t\t<div id=\"wd-690462b1082b0\" class=\"wd-text-block wd-wpb reset-last-child wd-rs-690462b1082b0 text-left \">\n\t\t\t<h2>F\u0151bb el\u0151ny\u00f6k<\/h2>\n<ul>\n<li aria-level=\"1\">Kiegyens\u00falyozott N \u00e9s K ar\u00e1ny az univerz\u00e1lis alkalmaz\u00e1shoz<\/li>\n<li aria-level=\"1\">Serkenti a vegetat\u00edv n\u00f6veked\u00e9st, fejl\u0151d\u00e9st \u00e9s term\u00e9shoz\u00e1st<\/li>\n<li aria-level=\"1\">Hat\u00e9kony stresszes k\u00f6r\u00fclm\u00e9nyek k\u00f6z\u00f6tt \u00e9s gyeng\u00e9bb n\u00f6v\u00e9nyfejl\u0151d\u00e9s eset\u00e9n<\/li>\n<li aria-level=\"1\">A kalcium n\u00f6veli a gy\u00fcm\u00f6lcs\u00f6k ellen\u00e1ll\u00f3 k\u00e9pess\u00e9g\u00e9t \u00e9s szil\u00e1rds\u00e1g\u00e1t<\/li>\n<li aria-level=\"1\">A kel\u00e1tk\u00f6t\u00e9s\u0171 mikroelemek stabil t\u00e1pl\u00e1lkoz\u00e1st biztos\u00edtanak<\/li>\n<\/ul>\n\t\t<\/div>\n\t\t[\/vc_column_inner][vc_column_inner width=&#8221;1\/2&#8243;]\t\t<div id=\"wd-69294acb936b0\" class=\"wd-text-block wd-wpb reset-last-child wd-rs-69294acb936b0 text-left \">\n\t\t\t<h2>Alkalmaz\u00e1si javaslat<\/h2>\n<ul>\n<li aria-level=\"1\">Lombtr\u00e1gy\u00e1z\u00e1s 0,3-0,5% (30-50 g\/10 liter v\u00edz, vagy 300-500 g\/100 l v\u00edz)<\/li>\n<li aria-level=\"1\">T\u00e1panyagp\u00f3tl\u00e1s ak\u00e1r 0,1-ig (1 kg \/ 1000 liter v\u00edz)<\/li>\n<\/ul>\n\t\t<\/div>\n\t\t[\/vc_column_inner][\/vc_row_inner][vc_row_inner gap=&#8221;10&#8243; woodmart_css_id=&#8221;68ee0cbe47307&#8243; responsive_spacing=&#8221;eyJwYXJhbV90eXBlIjoid29vZG1hcnRfcmVzcG9uc2l2ZV9zcGFjaW5nIiwic2VsZWN0b3JfaWQiOiI2OGVlMGNiZTQ3MzA3Iiwic2hvcnRjb2RlIjoidmNfcm93X2lubmVyIiwiZGF0YSI6eyJ0YWJsZXQiOnt9LCJtb2JpbGUiOnt9fX0=&#8221; mobile_bg_img_hidden=&#8221;no&#8221; tablet_bg_img_hidden=&#8221;no&#8221; woodmart_parallax=&#8221;0&#8243; woodmart_gradient_switch=&#8221;no&#8221; woodmart_box_shadow=&#8221;no&#8221; wd_z_index=&#8221;no&#8221; woodmart_disable_overflow=&#8221;0&#8243; row_reverse_mobile=&#8221;0&#8243; row_reverse_tablet=&#8221;0&#8243; css=&#8221;.vc_custom_1760431298027{margin-top: 0px !important;margin-right: 0px !important;margin-bottom: 5px !important;margin-left: 0px !important;border-color: #6DAB3C !important;}&#8221;][vc_column_inner width=&#8221;2\/3&#8243; woodmart_css_id=&#8221;68e62564dccf1&#8243; parallax_scroll=&#8221;no&#8221; woodmart_sticky_column=&#8221;false&#8221; wd_collapsible_content_switcher=&#8221;no&#8221; wd_column_role_offcanvas_desktop=&#8221;no&#8221; wd_column_role_offcanvas_tablet=&#8221;no&#8221; wd_column_role_offcanvas_mobile=&#8221;no&#8221; wd_column_role_content_desktop=&#8221;no&#8221; wd_column_role_content_tablet=&#8221;no&#8221; wd_column_role_content_mobile=&#8221;no&#8221; mobile_bg_img_hidden=&#8221;no&#8221; tablet_bg_img_hidden=&#8221;no&#8221; woodmart_parallax=&#8221;0&#8243; woodmart_box_shadow=&#8221;no&#8221; responsive_spacing=&#8221;eyJwYXJhbV90eXBlIjoid29vZG1hcnRfcmVzcG9uc2l2ZV9zcGFjaW5nIiwic2VsZWN0b3JfaWQiOiI2OGU2MjU2NGRjY2YxIiwic2hvcnRjb2RlIjoidmNfY29sdW1uX2lubmVyIiwiZGF0YSI6eyJ0YWJsZXQiOnt9LCJtb2JpbGUiOnt9fX0=&#8221; wd_z_index=&#8221;no&#8221; css=&#8221;.vc_custom_1759913322515{padding-top: 0px !important;}&#8221;]\t\t<div id=\"wd-690462c371b8e\" class=\"wd-text-block wd-wpb reset-last-child wd-rs-690462c371b8e text-left  sadrzajproizvoda\">\n\t\t\t<ul>\n<li aria-level=\"1\">N: 17% (N-NH2: 7%), (N-NH4+: 10%)<\/li>\n<li aria-level=\"1\">P\u2082O\u2085: 7%<\/li>\n<li aria-level=\"1\">K\u2082O: 27%<\/li>\n<li aria-level=\"1\">CaO: 4%<\/li>\n<li aria-level=\"1\">Mikroelemek (ME): Fe (DTPA), Zn (EDTA), Mn (EDTA), Cu (EDTA), B, Mo<\/li>\n<\/ul>\n\t\t<\/div>\n\t\t[\/vc_column_inner][vc_column_inner width=&#8221;1\/3&#8243; css=&#8221;.vc_custom_1759913330475{padding-top: 0px !important;}&#8221; woodmart_css_id=&#8221;68e6256ebb7ad&#8221; parallax_scroll=&#8221;no&#8221; woodmart_sticky_column=&#8221;false&#8221; wd_collapsible_content_switcher=&#8221;no&#8221; wd_column_role_offcanvas_desktop=&#8221;no&#8221; wd_column_role_offcanvas_tablet=&#8221;no&#8221; wd_column_role_offcanvas_mobile=&#8221;no&#8221; wd_column_role_content_desktop=&#8221;no&#8221; wd_column_role_content_tablet=&#8221;no&#8221; wd_column_role_content_mobile=&#8221;no&#8221; mobile_bg_img_hidden=&#8221;no&#8221; tablet_bg_img_hidden=&#8221;no&#8221; woodmart_parallax=&#8221;0&#8243; woodmart_box_shadow=&#8221;no&#8221; responsive_spacing=&#8221;eyJwYXJhbV90eXBlIjoid29vZG1hcnRfcmVzcG9uc2l2ZV9zcGFjaW5nIiwic2VsZWN0b3JfaWQiOiI2OGU2MjU2ZWJiN2FkIiwic2hvcnRjb2RlIjoidmNfY29sdW1uX2lubmVyIiwiZGF0YSI6eyJ0YWJsZXQiOnt9LCJtb2JpbGUiOnt9fX0=&#8221; wd_z_index=&#8221;no&#8221;]\t\t<div id=\"wd-690462e29d127\" class=\"wd-text-block wd-wpb reset-last-child wd-rs-690462e29d127 text-left  sadrzajproizvodadesni\">\n\t\t\t<ul>\n<li aria-level=\"1\">pH (0,1%): 7<\/li>\n<li aria-level=\"1\">EC (0,1%): 1,15<\/li>\n<\/ul>\n\t\t<\/div>\n\t\t[\/vc_column_inner][\/vc_row_inner][vc_row_inner gap=&#8221;10&#8243; woodmart_css_id=&#8221;68e75ba22abe8&#8243; responsive_spacing=&#8221;eyJwYXJhbV90eXBlIjoid29vZG1hcnRfcmVzcG9uc2l2ZV9zcGFjaW5nIiwic2VsZWN0b3JfaWQiOiI2OGU3NWJhMjJhYmU4Iiwic2hvcnRjb2RlIjoidmNfcm93X2lubmVyIiwiZGF0YSI6eyJ0YWJsZXQiOnt9LCJtb2JpbGUiOnt9fX0=&#8221; mobile_bg_img_hidden=&#8221;no&#8221; tablet_bg_img_hidden=&#8221;no&#8221; woodmart_parallax=&#8221;0&#8243; woodmart_gradient_switch=&#8221;no&#8221; woodmart_box_shadow=&#8221;no&#8221; wd_z_index=&#8221;no&#8221; woodmart_disable_overflow=&#8221;0&#8243; row_reverse_mobile=&#8221;0&#8243; row_reverse_tablet=&#8221;0&#8243; css=&#8221;.vc_custom_1759992744837{margin-top: 0px !important;margin-right: 0px !important;margin-bottom: 5px !important;margin-left: 0px !important;border-color: #6DAB3C !important;}&#8221; el_class=&#8221;nemaganamob&#8221;][vc_column_inner width=&#8221;3\/5&#8243; woodmart_css_id=&#8221;68e62564dccf1&#8243; parallax_scroll=&#8221;no&#8221; woodmart_sticky_column=&#8221;false&#8221; wd_collapsible_content_switcher=&#8221;no&#8221; wd_column_role_offcanvas_desktop=&#8221;no&#8221; wd_column_role_offcanvas_tablet=&#8221;no&#8221; wd_column_role_offcanvas_mobile=&#8221;no&#8221; wd_column_role_content_desktop=&#8221;no&#8221; wd_column_role_content_tablet=&#8221;no&#8221; wd_column_role_content_mobile=&#8221;no&#8221; mobile_bg_img_hidden=&#8221;no&#8221; tablet_bg_img_hidden=&#8221;no&#8221; woodmart_parallax=&#8221;0&#8243; woodmart_box_shadow=&#8221;no&#8221; responsive_spacing=&#8221;eyJwYXJhbV90eXBlIjoid29vZG1hcnRfcmVzcG9uc2l2ZV9zcGFjaW5nIiwic2VsZWN0b3JfaWQiOiI2OGU2MjU2NGRjY2YxIiwic2hvcnRjb2RlIjoidmNfY29sdW1uX2lubmVyIiwiZGF0YSI6eyJ0YWJsZXQiOnt9LCJtb2JpbGUiOnt9fX0=&#8221; wd_z_index=&#8221;no&#8221; css=&#8221;.vc_custom_1759913322515{padding-top: 0px !important;}&#8221;]\n\t\t<ul class=\" wd-rs-69045faf6d404 wd-list wd-wpb color-scheme- wd-fontsize-s wd-list-type-icon wd-list-style-default wd-justify-left pakovanjaiostalo \" id=\"wd-69045faf6d404\">\n\t\t\t\t\t\t\t\t\t\t\t<li>\n\t\t\t\t\t<span class=\"list-icon wd-icon fas fa-box-open\"><\/span>\n\t\t\t\t\t<span class=\"list-content\">10 kg<\/span>\n\t\t\t\t\t\t\t\t\t<\/li>\n\t\t\t\t\t<\/ul>\n\t\t[\/vc_column_inner][vc_column_inner width=&#8221;1\/5&#8243; css=&#8221;.vc_custom_1759913330475{padding-top: 0px !important;}&#8221; woodmart_css_id=&#8221;68e6256ebb7ad&#8221; parallax_scroll=&#8221;no&#8221; woodmart_sticky_column=&#8221;false&#8221; wd_collapsible_content_switcher=&#8221;no&#8221; wd_column_role_offcanvas_desktop=&#8221;no&#8221; wd_column_role_offcanvas_tablet=&#8221;no&#8221; wd_column_role_offcanvas_mobile=&#8221;no&#8221; wd_column_role_content_desktop=&#8221;no&#8221; wd_column_role_content_tablet=&#8221;no&#8221; wd_column_role_content_mobile=&#8221;no&#8221; mobile_bg_img_hidden=&#8221;no&#8221; tablet_bg_img_hidden=&#8221;no&#8221; woodmart_parallax=&#8221;0&#8243; woodmart_box_shadow=&#8221;no&#8221; responsive_spacing=&#8221;eyJwYXJhbV90eXBlIjoid29vZG1hcnRfcmVzcG9uc2l2ZV9zcGFjaW5nIiwic2VsZWN0b3JfaWQiOiI2OGU2MjU2ZWJiN2FkIiwic2hvcnRjb2RlIjoidmNfY29sdW1uX2lubmVyIiwiZGF0YSI6eyJ0YWJsZXQiOnt9LCJtb2JpbGUiOnt9fX0=&#8221; wd_z_index=&#8221;no&#8221;]\n\t\t<ul class=\" wd-rs-68e6283fb1fed wd-list wd-wpb color-scheme- wd-fontsize-s wd-list-type-icon wd-list-style-default wd-justify-right pakovanjaiostalo \" id=\"wd-68e6283fb1fed\">\n\t\t\t\t\t\t\t\t\t\t\t<li>\n\t\t\t\t\t<span class=\"list-icon wd-icon fas fa-file-image\"><\/span>\n\t\t\t\t\t<span class=\"list-content\">C\u00edmke<\/span>\n\t\t\t\t\t\t\t\t\t\t\t<a class=\"wd-fill\" href=\"https:\/\/fitofert.com\/wp-content\/uploads\/2025\/05\/Label-Aminomax-80-xxx.jpg\" title=\"\" target=\"_blank\" aria-label=\"List link\"><\/a>\n\t\t\t\t\t\t\t\t\t<\/li>\n\t\t\t\t\t<\/ul>\n\t\t[\/vc_column_inner][vc_column_inner width=&#8221;1\/5&#8243; css=&#8221;.vc_custom_1759914337694{padding-top: 0px !important;padding-bottom: 0px !important;}&#8221; woodmart_css_id=&#8221;68e6295dacce6&#8243; parallax_scroll=&#8221;no&#8221; woodmart_sticky_column=&#8221;false&#8221; wd_collapsible_content_switcher=&#8221;no&#8221; wd_column_role_offcanvas_desktop=&#8221;no&#8221; wd_column_role_offcanvas_tablet=&#8221;no&#8221; wd_column_role_offcanvas_mobile=&#8221;no&#8221; wd_column_role_content_desktop=&#8221;no&#8221; wd_column_role_content_tablet=&#8221;no&#8221; wd_column_role_content_mobile=&#8221;no&#8221; mobile_bg_img_hidden=&#8221;no&#8221; tablet_bg_img_hidden=&#8221;no&#8221; woodmart_parallax=&#8221;0&#8243; woodmart_box_shadow=&#8221;no&#8221; responsive_spacing=&#8221;eyJwYXJhbV90eXBlIjoid29vZG1hcnRfcmVzcG9uc2l2ZV9zcGFjaW5nIiwic2VsZWN0b3JfaWQiOiI2OGU2Mjk1ZGFjY2U2Iiwic2hvcnRjb2RlIjoidmNfY29sdW1uX2lubmVyIiwiZGF0YSI6eyJ0YWJsZXQiOnt9LCJtb2JpbGUiOnt9fX0=&#8221; wd_z_index=&#8221;no&#8221;]\n\t\t<ul class=\" wd-rs-68e62891e426c wd-list wd-wpb color-scheme- wd-fontsize-s wd-list-type-icon wd-list-style-default wd-justify-right pakovanjaiostalo \" id=\"wd-68e62891e426c\">\n\t\t\t\t\t\t\t\t\t\t\t<li>\n\t\t\t\t\t<span class=\"list-icon wd-icon fas fa-file-invoice\"><\/span>\n\t\t\t\t\t<span class=\"list-content\">Biztons\u00e1gi adatlap<\/span>\n\t\t\t\t\t\t\t\t\t\t\t<a class=\"wd-fill\" href=\"https:\/\/fitofert.com\/wp-content\/uploads\/2022\/03\/BL-AMINO-MAX-80.pdf\" title=\"\" target=\"_blank\" aria-label=\"List link\"><\/a>\n\t\t\t\t\t\t\t\t\t<\/li>\n\t\t\t\t\t<\/ul>\n\t\t[\/vc_column_inner][\/vc_row_inner][\/vc_column][\/vc_row][\/vc_section]<\/p>\n<\/div>","protected":false},"excerpt":{"rendered":"<p>[vc_section woodmart_css_id=&#8221;69747df0b1cae&#8221; responsive_spacing=&#8221;eyJwYXJhbV90eXBlIjoid29vZG1hcnRfcmVzcG9uc2l2ZV9zcGFjaW5nIiwic2VsZWN0b3JfaWQiOiI2OTc0N2RmMGIxY2FlIiwic2hvcnRjb2RlIjoidmNfc2VjdGlvbiIsImRhdGEiOnsidGFibGV0Ijp7fSwibW9iaWxlIjp7fX19&#8243; mobile_bg_img_hidden=&#8221;no&#8221; tablet_bg_img_hidden=&#8221;no&#8221; woodmart_parallax=&#8221;0&#8243; woodmart_gradient_switch=&#8221;no&#8221; woodmart_box_shadow=&#8221;no&#8221; wd_z_index=&#8221;no&#8221; woodmart_disable_overflow=&#8221;0&#8243; css=&#8221;.vc_custom_1769242108607{margin-top: -40px !important;margin-bottom: -80px !important;padding-top: 20px !important;padding-bottom: 60px !important;background-position: center<\/p>\n","protected":false},"featured_media":7988,"comment_status":"closed","ping_status":"closed","template":"","meta":[],"product_brand":[],"product_cat":[96],"product_tag":[],"class_list":{"0":"post-11815","1":"product","2":"type-product","3":"status-publish","4":"has-post-thumbnail","6":"product_cat-energy-premium-termekcsalad","8":"first","9":"instock","10":"shipping-taxable","11":"product-type-simple"},"_links":{"self":[{"href":"https:\/\/fitofert.com\/hu\/wp-json\/wp\/v2\/product\/11815","targetHints":{"allow":["GET"]}}],"collection":[{"href":"https:\/\/fitofert.com\/hu\/wp-json\/wp\/v2\/product"}],"about":[{"href":"https:\/\/fitofert.com\/hu\/wp-json\/wp\/v2\/types\/product"}],"replies":[{"embeddable":true,"href":"https:\/\/fitofert.com\/hu\/wp-json\/wp\/v2\/comments?post=11815"}],"wp:featuredmedia":[{"embeddable":true,"href":"https:\/\/fitofert.com\/hu\/wp-json\/wp\/v2\/media\/7988"}],"wp:attachment":[{"href":"https:\/\/fitofert.com\/hu\/wp-json\/wp\/v2\/media?parent=11815"}],"wp:term":[{"taxonomy":"product_brand","embeddable":true,"href":"https:\/\/fitofert.com\/hu\/wp-json\/wp\/v2\/product_brand?post=11815"},{"taxonomy":"product_cat","embeddable":true,"href":"https:\/\/fitofert.com\/hu\/wp-json\/wp\/v2\/product_cat?post=11815"},{"taxonomy":"product_tag","embeddable":true,"href":"https:\/\/fitofert.com\/hu\/wp-json\/wp\/v2\/product_tag?post=11815"}],"curies":[{"name":"wp","href":"https:\/\/api.w.org\/{rel}","templated":true}]}}