{"id":11095,"date":"2026-03-04T17:59:01","date_gmt":"2026-03-04T17:59:01","guid":{"rendered":"https:\/\/fitofert.com\/hagymas-zoldsegek\/"},"modified":"2026-03-04T17:59:26","modified_gmt":"2026-03-04T17:59:26","slug":"hagymas-zoldsegek","status":"publish","type":"page","link":"https:\/\/fitofert.com\/hu\/zoldsegtaplalasi-program\/hagymas-zoldsegek\/","title":{"rendered":"Hagym\u00e1s z\u00f6lds\u00e9gek"},"content":{"rendered":"<div class=\"wpb-content-wrapper\"><p>[vc_section woodmart_stretch_content=&#8221;section-stretch&#8221; woodmart_css_id=&#8221;68e6194176056&#8243; responsive_spacing=&#8221;eyJwYXJhbV90eXBlIjoid29vZG1hcnRfcmVzcG9uc2l2ZV9zcGFjaW5nIiwic2VsZWN0b3JfaWQiOiI2OGU2MTk0MTc2MDU2Iiwic2hvcnRjb2RlIjoidmNfc2VjdGlvbiIsImRhdGEiOnsidGFibGV0Ijp7fSwibW9iaWxlIjp7fX19&#8243; mobile_bg_img_hidden=&#8221;no&#8221; tablet_bg_img_hidden=&#8221;no&#8221; woodmart_parallax=&#8221;0&#8243; woodmart_gradient_switch=&#8221;yes&#8221; woodmart_color_gradient=&#8221;rgb(98, 162, 30)-0\/rgb(34, 56, 10)-100\/|linear-gradient(top , rgb(98, 162, 30) , rgb(34, 56, 10) 100%)|linear|top&#8221; woodmart_box_shadow=&#8221;no&#8221; wd_z_index=&#8221;no&#8221; woodmart_disable_overflow=&#8221;0&#8243; css=&#8221;.vc_custom_1759910217496{margin-top: -40px !important;margin-bottom: -80px !important;padding-top: 20px !important;padding-bottom: 60px !important;background-position: center !important;background-repeat: no-repeat !important;background-size: cover !important;}&#8221;][vc_row woodmart_stretch_content=&#8221;section-stretch&#8221; css=&#8221;.vc_custom_1759993808742{margin-top: -40px !important;margin-bottom: -60px !important;padding-bottom: 100px !important;background-image: url(https:\/\/fitofert.com\/wp-content\/uploads\/2025\/10\/gradient-kod-proizvoda.webp?id=7746) !important;background-position: center !important;background-repeat: no-repeat !important;background-size: cover !important;}&#8221; woodmart_css_id=&#8221;68e75fc41450b&#8221; responsive_spacing=&#8221;eyJwYXJhbV90eXBlIjoid29vZG1hcnRfcmVzcG9uc2l2ZV9zcGFjaW5nIiwic2VsZWN0b3JfaWQiOiI2OGU3NWZjNDE0NTBiIiwic2hvcnRjb2RlIjoidmNfcm93IiwiZGF0YSI6eyJ0YWJsZXQiOnt9LCJtb2JpbGUiOnt9fX0=&#8221; mobile_bg_img_hidden=&#8221;yes&#8221; tablet_bg_img_hidden=&#8221;no&#8221; woodmart_parallax=&#8221;0&#8243; woodmart_gradient_switch=&#8221;no&#8221; woodmart_box_shadow=&#8221;no&#8221; wd_z_index=&#8221;no&#8221; woodmart_disable_overflow=&#8221;0&#8243; row_reverse_mobile=&#8221;0&#8243; row_reverse_tablet=&#8221;0&#8243; el_class=&#8221;proizvod&#8221;][vc_column width=&#8221;2\/3&#8243; css=&#8221;.vc_custom_1761902885386{padding-top: 100px !important;}&#8221; woodmart_css_id=&#8221;6904811d5659e&#8221; parallax_scroll=&#8221;no&#8221; woodmart_sticky_column=&#8221;false&#8221; wd_collapsible_content_switcher=&#8221;no&#8221; wd_column_role_offcanvas_desktop=&#8221;no&#8221; wd_column_role_offcanvas_tablet=&#8221;no&#8221; wd_column_role_offcanvas_mobile=&#8221;no&#8221; wd_column_role_content_desktop=&#8221;no&#8221; wd_column_role_content_tablet=&#8221;no&#8221; wd_column_role_content_mobile=&#8221;no&#8221; mobile_bg_img_hidden=&#8221;no&#8221; tablet_bg_img_hidden=&#8221;no&#8221; woodmart_parallax=&#8221;0&#8243; woodmart_box_shadow=&#8221;no&#8221; responsive_spacing=&#8221;eyJwYXJhbV90eXBlIjoid29vZG1hcnRfcmVzcG9uc2l2ZV9zcGFjaW5nIiwic2VsZWN0b3JfaWQiOiI2OTA0ODExZDU2NTllIiwic2hvcnRjb2RlIjoidmNfY29sdW1uIiwiZGF0YSI6eyJ0YWJsZXQiOnt9LCJtb2JpbGUiOnt9fX0=&#8221; mobile_reset_margin=&#8221;no&#8221; tablet_reset_margin=&#8221;no&#8221; wd_z_index=&#8221;no&#8221;]\n\t\t<div id=\"wd-69049c71e5644\" class=\"title-wrapper wd-wpb set-mb-s reset-last-child  wd-rs-69049c71e5644 wd-title-color-alt wd-title-style-default text-left  wd-underline-colored\">\n\t\t\t\n\t\t\t<div class=\"liner-continer\">\n\t\t\t\t<h1 class=\"woodmart-title-container title  wd-font-weight- wd-fontsize-xxl\" >HAGYM\u00c1S Z\u00d6LDS\u00c9GEK<\/h1>\n\t\t\t\t\t\t\t<\/div>\n\t\t\t\n\t\t\t\t\t\t\t<div class=\"title-after_title  set-cont-mb-s reset-last-child  wd-fontsize-s\">HAGYMA, FOKHAGYMA, P\u00d3R\u00c9HAGYMA<\/div>\n\t\t\t\n\t\t\t\n\t\t<\/div>\n\t\t\n\t\t\t\t<div id=\"wd-6989bd8eb4640\" class=\"wd-text-block wd-wpb reset-last-child wd-rs-6989bd8eb4640 text-left vc_custom_1770634645490\">\n\t\t\t<p><b>A hagym\u00e1s z\u00f6lds\u00e9gek javasolt t\u00e1panyag-ut\u00e1np\u00f3tl\u00e1si programja<\/b> alaptr\u00e1gy\u00e1z\u00e1son \u00e9s f\u00e1zisszab\u00e1lyozott t\u00e1poldatoz\u00e1son alapul. Az alaptr\u00e1gy\u00e1z\u00e1s sor\u00e1n a <b>FitoCrop Complex 12-11-18<\/b> komplex m\u0171tr\u00e1gy\u00e1t \u00e9vi 5-7 kg mennyis\u00e9gben juttatj\u00e1k a talajba, amelyhez \u00e9vi 2-5 kg <b>\u200b\u200bSQM Qrop K Plus<\/b> adhat\u00f3. <\/p>\n<p>Alacsony szervesanyag-tartalom eset\u00e9n <b>a Ferti Plus 4-3-4<\/b> granul\u00e1lt tr\u00e1gya haszn\u00e1lata aj\u00e1nlott, \u00e9vi 7-15 kg mennyis\u00e9gben. A megadott mennyis\u00e9gek a fejl\u0151d\u00e9s fenof\u00e1zisaira vonatkoznak, \u00e9s az \u00f6nt\u00f6z\u00e9s gyakoris\u00e1ga szerint oszlanak meg. A fejl\u0151d\u00e9s korai szakasz\u00e1ban a jobb gy\u00f6keresed\u00e9s \u00e9rdek\u00e9ben foszfor hangs\u00falyos k\u00e9sz\u00edtm\u00e9nyek haszn\u00e1lata aj\u00e1nlott, m\u00edg a v\u00e9gs\u0151 szakaszban a hagymak\u00e9pz\u0151d\u00e9s \u00e9s a min\u0151s\u00e9g jav\u00edt\u00e1sa \u00e9rdek\u00e9ben megn\u00f6velt k\u00e1lium- \u00e9s huminsavtartalm\u00fa t\u00e1panyagok alkalmaz\u00e1sa javasolt.<\/p>\n\t\t<\/div>\n\t\t\n\t\t<ul class=\" wd-rs-69049cdd0efcb wd-list wd-wpb color-scheme- wd-fontsize-m wd-list-type-icon wd-list-style-default wd-justify-left pakovanjaiostalo vc_custom_1761909987281\" id=\"wd-69049cdd0efcb\">\n\t\t\t\t\t\t\t\t\t\t\t<li>\n\t\t\t\t\t<span class=\"list-icon wd-icon fas fa-file-pdf\"><\/span>\n\t\t\t\t\t<span class=\"list-content\">T\u00f6ltsd le a kieg\u00e9sz\u00edt\u0151 programot (PDF)<\/span>\n\t\t\t\t\t\t\t\t\t\t\t<a class=\"wd-fill\" href=\"https:\/\/fitofert.com\/wp-content\/uploads\/2025\/10\/program-prihrane-ishrana-povrca-lukovicasto-povrce.pdf\" title=\"\" target=\"_blank\" aria-label=\"List link\"><\/a>\n\t\t\t\t\t\t\t\t\t<\/li>\n\t\t\t\t\t<\/ul>\n\t\t[\/vc_column][vc_column width=&#8221;1\/3&#8243; woodmart_css_id=&#8221;68e75d21972b7&#8243; parallax_scroll=&#8221;no&#8221; woodmart_sticky_column=&#8221;false&#8221; wd_collapsible_content_switcher=&#8221;no&#8221; wd_column_role_offcanvas_desktop=&#8221;no&#8221; wd_column_role_offcanvas_tablet=&#8221;no&#8221; wd_column_role_offcanvas_mobile=&#8221;no&#8221; wd_column_role_content_desktop=&#8221;no&#8221; wd_column_role_content_tablet=&#8221;no&#8221; wd_column_role_content_mobile=&#8221;no&#8221; mobile_bg_img_hidden=&#8221;no&#8221; tablet_bg_img_hidden=&#8221;no&#8221; woodmart_parallax=&#8221;0&#8243; woodmart_box_shadow=&#8221;no&#8221; responsive_spacing=&#8221;eyJwYXJhbV90eXBlIjoid29vZG1hcnRfcmVzcG9uc2l2ZV9zcGFjaW5nIiwic2VsZWN0b3JfaWQiOiI2OGU3NWQyMTk3MmI3Iiwic2hvcnRjb2RlIjoidmNfY29sdW1uIiwiZGF0YSI6eyJ0YWJsZXQiOnt9LCJtb2JpbGUiOnt9fX0=&#8221; mobile_reset_margin=&#8221;no&#8221; tablet_reset_margin=&#8221;no&#8221; wd_z_index=&#8221;no&#8221; el_class=&#8221;opisproizvoda&#8221;][vc_single_image image=&#8221;10682&#8243; img_size=&#8221;full&#8221; css=&#8221;.vc_custom_1761909902269{margin-bottom: 0px !important;}&#8221; parallax_scroll=&#8221;no&#8221; woodmart_inline=&#8221;no&#8221; el_class=&#8221;prihranaslike&#8221;][\/vc_column][\/vc_row][\/vc_section]<\/p>\n<\/div>","protected":false},"excerpt":{"rendered":"<p>[vc_section woodmart_stretch_content=&#8221;section-stretch&#8221; woodmart_css_id=&#8221;68e6194176056&#8243; responsive_spacing=&#8221;eyJwYXJhbV90eXBlIjoid29vZG1hcnRfcmVzcG9uc2l2ZV9zcGFjaW5nIiwic2VsZWN0b3JfaWQiOiI2OGU2MTk0MTc2MDU2Iiwic2hvcnRjb2RlIjoidmNfc2VjdGlvbiIsImRhdGEiOnsidGFibGV0Ijp7fSwibW9iaWxlIjp7fX19&#8243; mobile_bg_img_hidden=&#8221;no&#8221; tablet_bg_img_hidden=&#8221;no&#8221; woodmart_parallax=&#8221;0&#8243; woodmart_gradient_switch=&#8221;yes&#8221; woodmart_color_gradient=&#8221;rgb(98, 162, 30)-0\/rgb(34, 56, 10)-100\/|linear-gradient(top , rgb(98, 162, 30) , rgb(34, 56,<\/p>\n","protected":false},"author":1,"featured_media":0,"parent":11339,"menu_order":0,"comment_status":"closed","ping_status":"closed","template":"","meta":{"footnotes":""},"class_list":["post-11095","page","type-page","status-publish","hentry"],"_links":{"self":[{"href":"https:\/\/fitofert.com\/hu\/wp-json\/wp\/v2\/pages\/11095","targetHints":{"allow":["GET"]}}],"collection":[{"href":"https:\/\/fitofert.com\/hu\/wp-json\/wp\/v2\/pages"}],"about":[{"href":"https:\/\/fitofert.com\/hu\/wp-json\/wp\/v2\/types\/page"}],"author":[{"embeddable":true,"href":"https:\/\/fitofert.com\/hu\/wp-json\/wp\/v2\/users\/1"}],"replies":[{"embeddable":true,"href":"https:\/\/fitofert.com\/hu\/wp-json\/wp\/v2\/comments?post=11095"}],"version-history":[{"count":5,"href":"https:\/\/fitofert.com\/hu\/wp-json\/wp\/v2\/pages\/11095\/revisions"}],"predecessor-version":[{"id":11138,"href":"https:\/\/fitofert.com\/hu\/wp-json\/wp\/v2\/pages\/11095\/revisions\/11138"}],"up":[{"embeddable":true,"href":"https:\/\/fitofert.com\/hu\/wp-json\/wp\/v2\/pages\/11339"}],"wp:attachment":[{"href":"https:\/\/fitofert.com\/hu\/wp-json\/wp\/v2\/media?parent=11095"}],"curies":[{"name":"wp","href":"https:\/\/api.w.org\/{rel}","templated":true}]}}